{"id":2226,"date":"2023-11-10T21:22:48","date_gmt":"2023-11-10T20:22:48","guid":{"rendered":"http:\/\/stampcurio.com\/?post_type=product&#038;p=2226"},"modified":"2025-12-05T04:13:31","modified_gmt":"2025-12-05T03:13:31","slug":"1945-februari-elso-es-aprilisi-harmadik-sulyu-tavolsagi-boritek-a-postai-interregnum-idoszakabol","status":"publish","type":"product","link":"https:\/\/stampcurio.com\/hu\/termek\/1945-februari-elso-es-aprilisi-harmadik-sulyu-tavolsagi-boritek-a-postai-interregnum-idoszakabol\/","title":{"rendered":"1945 febru\u00e1ri els\u0151 \u00e9s \u00e1prilisi harmadik (!) s\u00faly\u00fa t\u00e1vols\u00e1gi bor\u00edt\u00e9k a postai interregnum id\u0151szak\u00e1b\u00f3l"},"content":{"rendered":"","protected":false},"excerpt":{"rendered":"","protected":false},"featured_media":2227,"template":"","meta":[],"product_brand":[],"product_cat":[73],"product_tag":[279,1044,89],"class_list":{"0":"post-2226","1":"product","2":"type-product","3":"status-publish","4":"has-post-thumbnail","6":"product_cat-magyarorszag-1st","7":"product_tag-1944-45","8":"product_tag-1st-auction-hu","9":"product_tag-postatortenet","10":"pa_catalog_id-243","12":"first","13":"instock","14":"sold-individually","15":"shipping-taxable","16":"product-type-simple"},"_links":{"self":[{"href":"https:\/\/stampcurio.com\/hu\/wp-json\/wp\/v2\/product\/2226","targetHints":{"allow":["GET"]}}],"collection":[{"href":"https:\/\/stampcurio.com\/hu\/wp-json\/wp\/v2\/product"}],"about":[{"href":"https:\/\/stampcurio.com\/hu\/wp-json\/wp\/v2\/types\/product"}],"wp:featuredmedia":[{"embeddable":true,"href":"https:\/\/stampcurio.com\/hu\/wp-json\/wp\/v2\/media\/2227"}],"wp:attachment":[{"href":"https:\/\/stampcurio.com\/hu\/wp-json\/wp\/v2\/media?parent=2226"}],"wp:term":[{"taxonomy":"product_brand","embeddable":true,"href":"https:\/\/stampcurio.com\/hu\/wp-json\/wp\/v2\/product_brand?post=2226"},{"taxonomy":"product_cat","embeddable":true,"href":"https:\/\/stampcurio.com\/hu\/wp-json\/wp\/v2\/product_cat?post=2226"},{"taxonomy":"product_tag","embeddable":true,"href":"https:\/\/stampcurio.com\/hu\/wp-json\/wp\/v2\/product_tag?post=2226"}],"curies":[{"name":"wp","href":"https:\/\/api.w.org\/{rel}","templated":true}]}}