{"id":2203,"date":"2023-11-10T18:31:19","date_gmt":"2023-11-10T17:31:19","guid":{"rendered":"http:\/\/stampcurio.com\/?post_type=product&#038;p=2203"},"modified":"2025-12-05T04:13:31","modified_gmt":"2025-12-05T03:13:31","slug":"1863-ujsagbelyeg-cimszallagon-erdelybe-kuldve-zeitungs-exped-pesth-ritka-belyegzessel-gudlin-r-mueller-510-p","status":"publish","type":"product","link":"https:\/\/stampcurio.com\/hu\/termek\/1863-ujsagbelyeg-cimszallagon-erdelybe-kuldve-zeitungs-exped-pesth-ritka-belyegzessel-gudlin-r-mueller-510-p\/","title":{"rendered":"1863 \u00fajs\u00e1gb\u00e9lyeg c\u00edmszallagon Erd\u00e9lybe k\u00fcldve ZEITUNGS-EXPED. \/ PESTH ritka b\u00e9lyegz\u00e9ssel Gudlin R \/ Mueller 510 p"},"content":{"rendered":"","protected":false},"excerpt":{"rendered":"<p>Attest G\u00f6ller.<br \/>\nFerchenbauer wrapper \u00e1r 170 EUR<br \/>\nMueller: 85*6 = 510 pont.<\/p>\n","protected":false},"featured_media":11085,"template":"","meta":[],"product_brand":[],"product_cat":[60,73,105],"product_tag":[1044,116,67,89],"class_list":{"0":"post-2203","1":"product","2":"type-product","3":"status-publish","4":"has-post-thumbnail","6":"product_cat-ausztria-1st","7":"product_cat-magyarorszag-1st","8":"product_cat-romania-1st","9":"product_tag-1st-auction-hu","10":"product_tag-belyeg","11":"product_tag-marcofilatelia","12":"product_tag-postatortenet","13":"pa_catalog_id-242","15":"first","16":"instock","17":"sold-individually","18":"shipping-taxable","19":"product-type-simple"},"_links":{"self":[{"href":"https:\/\/stampcurio.com\/hu\/wp-json\/wp\/v2\/product\/2203","targetHints":{"allow":["GET"]}}],"collection":[{"href":"https:\/\/stampcurio.com\/hu\/wp-json\/wp\/v2\/product"}],"about":[{"href":"https:\/\/stampcurio.com\/hu\/wp-json\/wp\/v2\/types\/product"}],"wp:featuredmedia":[{"embeddable":true,"href":"https:\/\/stampcurio.com\/hu\/wp-json\/wp\/v2\/media\/11085"}],"wp:attachment":[{"href":"https:\/\/stampcurio.com\/hu\/wp-json\/wp\/v2\/media?parent=2203"}],"wp:term":[{"taxonomy":"product_brand","embeddable":true,"href":"https:\/\/stampcurio.com\/hu\/wp-json\/wp\/v2\/product_brand?post=2203"},{"taxonomy":"product_cat","embeddable":true,"href":"https:\/\/stampcurio.com\/hu\/wp-json\/wp\/v2\/product_cat?post=2203"},{"taxonomy":"product_tag","embeddable":true,"href":"https:\/\/stampcurio.com\/hu\/wp-json\/wp\/v2\/product_tag?post=2203"}],"curies":[{"name":"wp","href":"https:\/\/api.w.org\/{rel}","templated":true}]}}