{"id":2201,"date":"2023-11-10T18:00:57","date_gmt":"2023-11-10T17:00:57","guid":{"rendered":"http:\/\/stampcurio.com\/?post_type=product&#038;p=2201"},"modified":"2025-12-05T04:13:32","modified_gmt":"2025-12-05T03:13:32","slug":"1880-ausztria-hasznalatlan-dijjegyes-nyomtatvanyok-4-szallitolevel-1-postautalvany","status":"publish","type":"product","link":"https:\/\/stampcurio.com\/hu\/termek\/1880-ausztria-hasznalatlan-dijjegyes-nyomtatvanyok-4-szallitolevel-1-postautalvany\/","title":{"rendered":"~1880 Ausztria haszn\u00e1latlan d\u00edjjegyes nyomtatv\u00e1nyok 4 sz\u00e1ll\u00edt\u00f3lev\u00e9l + 1 postautalv\u00e1ny"},"content":{"rendered":"","protected":false},"excerpt":{"rendered":"","protected":false},"featured_media":1967,"template":"","meta":[],"product_brand":[],"product_cat":[60,239],"product_tag":[1044,74,351,157],"class_list":{"0":"post-2201","1":"product","2":"type-product","3":"status-publish","4":"has-post-thumbnail","6":"product_cat-ausztria-1st","7":"product_cat-csehorszag-1st","8":"product_tag-1st-auction-hu","9":"product_tag-dijjegyes","10":"product_tag-postautalvany","11":"product_tag-szallitolevel","12":"pa_catalog_id-240","14":"first","15":"instock","16":"sold-individually","17":"shipping-taxable","18":"product-type-simple"},"_links":{"self":[{"href":"https:\/\/stampcurio.com\/hu\/wp-json\/wp\/v2\/product\/2201","targetHints":{"allow":["GET"]}}],"collection":[{"href":"https:\/\/stampcurio.com\/hu\/wp-json\/wp\/v2\/product"}],"about":[{"href":"https:\/\/stampcurio.com\/hu\/wp-json\/wp\/v2\/types\/product"}],"wp:featuredmedia":[{"embeddable":true,"href":"https:\/\/stampcurio.com\/hu\/wp-json\/wp\/v2\/media\/1967"}],"wp:attachment":[{"href":"https:\/\/stampcurio.com\/hu\/wp-json\/wp\/v2\/media?parent=2201"}],"wp:term":[{"taxonomy":"product_brand","embeddable":true,"href":"https:\/\/stampcurio.com\/hu\/wp-json\/wp\/v2\/product_brand?post=2201"},{"taxonomy":"product_cat","embeddable":true,"href":"https:\/\/stampcurio.com\/hu\/wp-json\/wp\/v2\/product_cat?post=2201"},{"taxonomy":"product_tag","embeddable":true,"href":"https:\/\/stampcurio.com\/hu\/wp-json\/wp\/v2\/product_tag?post=2201"}],"curies":[{"name":"wp","href":"https:\/\/api.w.org\/{rel}","templated":true}]}}