{"id":20934,"date":"2024-12-07T11:50:53","date_gmt":"2024-12-07T10:50:53","guid":{"rendered":"https:\/\/stampcurio.com\/product\/sc-24-3857\/"},"modified":"2025-12-05T04:04:53","modified_gmt":"2025-12-05T03:04:53","slug":"1875-magyarorszag-rendkivul-ritka-upu-elotti-tarifas-masodik-sulyu-ajanlott-boritek-vegyes-bermentesitessel-franciaorszagba-kuldve-a-dijlerovasba-1871-reznyomat-25kr-par-is","status":"publish","type":"product","link":"https:\/\/stampcurio.com\/hu\/termek\/1875-magyarorszag-rendkivul-ritka-upu-elotti-tarifas-masodik-sulyu-ajanlott-boritek-vegyes-bermentesitessel-franciaorszagba-kuldve-a-dijlerovasba-1871-reznyomat-25kr-par-is\/","title":{"rendered":"1875 Magyarorsz\u00e1g &#8211; rendk\u00edv\u00fcl ritka UPU el\u0151tti tarif\u00e1s m\u00e1sodik s\u00faly\u00fa aj\u00e1nlott bor\u00edt\u00e9k vegyes b\u00e9rmentes\u00edt\u00e9ssel Franciaorsz\u00e1gba k\u00fcldve \/ a d\u00edjlerov\u00e1sba 1871 r\u00e9znyomat 25kr p\u00e1r (!) is"},"content":{"rendered":"","protected":false},"excerpt":{"rendered":"<p>Ki\u00e1ll\u00edt\u00e1si c\u00e9lb\u0151l sz\u00e9tnyitva, a k\u00e9pen l\u00e1that\u00f3 viseletesebb \u00e1llapotban.<\/p>\n","protected":false},"featured_media":25036,"template":"","meta":[],"product_brand":[],"product_cat":[1181,1172],"product_tag":[1664,116,1041,176,89,1631,1006],"class_list":{"0":"post-20934","1":"product","2":"type-product","3":"status-publish","4":"has-post-thumbnail","6":"product_cat-franciaorszag","7":"product_cat-magyarorszag","8":"product_tag-2nd-auction-hu","9":"product_tag-belyeg","10":"product_tag-marcophily-hu","11":"product_tag-philagem","12":"product_tag-postatortenet","13":"product_tag-pre-upu","14":"product_tag-unsold","16":"first","17":"outofstock","18":"sold-individually","19":"shipping-taxable","20":"product-type-simple"},"_links":{"self":[{"href":"https:\/\/stampcurio.com\/hu\/wp-json\/wp\/v2\/product\/20934","targetHints":{"allow":["GET"]}}],"collection":[{"href":"https:\/\/stampcurio.com\/hu\/wp-json\/wp\/v2\/product"}],"about":[{"href":"https:\/\/stampcurio.com\/hu\/wp-json\/wp\/v2\/types\/product"}],"wp:featuredmedia":[{"embeddable":true,"href":"https:\/\/stampcurio.com\/hu\/wp-json\/wp\/v2\/media\/25036"}],"wp:attachment":[{"href":"https:\/\/stampcurio.com\/hu\/wp-json\/wp\/v2\/media?parent=20934"}],"wp:term":[{"taxonomy":"product_brand","embeddable":true,"href":"https:\/\/stampcurio.com\/hu\/wp-json\/wp\/v2\/product_brand?post=20934"},{"taxonomy":"product_cat","embeddable":true,"href":"https:\/\/stampcurio.com\/hu\/wp-json\/wp\/v2\/product_cat?post=20934"},{"taxonomy":"product_tag","embeddable":true,"href":"https:\/\/stampcurio.com\/hu\/wp-json\/wp\/v2\/product_tag?post=20934"}],"curies":[{"name":"wp","href":"https:\/\/api.w.org\/{rel}","templated":true}]}}