{"id":20929,"date":"2024-12-07T11:50:37","date_gmt":"2024-12-07T10:50:37","guid":{"rendered":"https:\/\/stampcurio.com\/product\/sc-24-3856\/"},"modified":"2025-12-05T04:04:53","modified_gmt":"2025-12-05T03:04:53","slug":"1937-magyarorszag-tarifahelyes-legiposta-level-monte-carloba-kuldve-postan-marado-kuldemenykent-a-postan-marado-szolgaltatas-dija-monacoi-portobelyegben-beszedve","status":"publish","type":"product","link":"https:\/\/stampcurio.com\/hu\/termek\/1937-magyarorszag-tarifahelyes-legiposta-level-monte-carloba-kuldve-postan-marado-kuldemenykent-a-postan-marado-szolgaltatas-dija-monacoi-portobelyegben-beszedve\/","title":{"rendered":"1937 Magyarorsz\u00e1g tarifahelyes l\u00e9giposta lev\u00e9l  Monte-Carloba k\u00fcldve post\u00e1n marad\u00f3 k\u00fcldem\u00e9nyk\u00e9nt &#8211; a post\u00e1n marad\u00f3 szolg\u00e1ltat\u00e1s d\u00edja monac\u00f3i port\u00f3b\u00e9lyegben beszedve"},"content":{"rendered":"","protected":false},"excerpt":{"rendered":"","protected":false},"featured_media":20927,"template":"","meta":[],"product_brand":[],"product_cat":[1172,1623],"product_tag":[1664,115,108,89],"class_list":{"0":"post-20929","1":"product","2":"type-product","3":"status-publish","4":"has-post-thumbnail","6":"product_cat-magyarorszag","7":"product_cat-monaco","8":"product_tag-2nd-auction-hu","9":"product_tag-legiposta","10":"product_tag-porto","11":"product_tag-postatortenet","13":"first","14":"outofstock","15":"sold-individually","16":"shipping-taxable","17":"product-type-simple"},"_links":{"self":[{"href":"https:\/\/stampcurio.com\/hu\/wp-json\/wp\/v2\/product\/20929","targetHints":{"allow":["GET"]}}],"collection":[{"href":"https:\/\/stampcurio.com\/hu\/wp-json\/wp\/v2\/product"}],"about":[{"href":"https:\/\/stampcurio.com\/hu\/wp-json\/wp\/v2\/types\/product"}],"wp:featuredmedia":[{"embeddable":true,"href":"https:\/\/stampcurio.com\/hu\/wp-json\/wp\/v2\/media\/20927"}],"wp:attachment":[{"href":"https:\/\/stampcurio.com\/hu\/wp-json\/wp\/v2\/media?parent=20929"}],"wp:term":[{"taxonomy":"product_brand","embeddable":true,"href":"https:\/\/stampcurio.com\/hu\/wp-json\/wp\/v2\/product_brand?post=20929"},{"taxonomy":"product_cat","embeddable":true,"href":"https:\/\/stampcurio.com\/hu\/wp-json\/wp\/v2\/product_cat?post=20929"},{"taxonomy":"product_tag","embeddable":true,"href":"https:\/\/stampcurio.com\/hu\/wp-json\/wp\/v2\/product_tag?post=20929"}],"curies":[{"name":"wp","href":"https:\/\/api.w.org\/{rel}","templated":true}]}}