{"id":20917,"date":"2024-12-07T11:49:55","date_gmt":"2024-12-07T10:49:55","guid":{"rendered":"https:\/\/stampcurio.com\/product\/sc-24-3839\/"},"modified":"2025-12-05T04:04:54","modified_gmt":"2025-12-05T03:04:54","slug":"1898-magyarorszag-peterdi-hajoposta-boritek-patrarol-gorogorszag-fiumeba-kuldve-paquebot-s-s-stefania-fedelzeti-belyegzessel","status":"publish","type":"product","link":"https:\/\/stampcurio.com\/hu\/termek\/1898-magyarorszag-peterdi-hajoposta-boritek-patrarol-gorogorszag-fiumeba-kuldve-paquebot-s-s-stefania-fedelzeti-belyegzessel\/","title":{"rendered":"1898 Magyarorsz\u00e1g &#8211; Peterdi haj\u00f3posta bor\u00edt\u00e9k P\u00e1tr\u00e1r\u00f3l (G\u00f6r\u00f6gorsz\u00e1g) Fium\u00e9ba k\u00fcldve PAQUEBOT \/ S.S. STEF\u00c1NIA fed\u00e9lzeti b\u00e9lyegz\u00e9ssel"},"content":{"rendered":"","protected":false},"excerpt":{"rendered":"","protected":false},"featured_media":20915,"template":"","meta":[],"product_brand":[],"product_cat":[1275,1207,1172],"product_tag":[1664,116,1325,1385,1316,1652,1041,176,89],"class_list":{"0":"post-20917","1":"product","2":"type-product","3":"status-publish","4":"has-post-thumbnail","6":"product_cat-fiume","7":"product_cat-gorogorszag","8":"product_cat-magyarorszag","9":"product_tag-2nd-auction-hu","10":"product_tag-belyeg","11":"product_tag-hajo","12":"product_tag-hajobelyegzo","13":"product_tag-hajoposta","14":"product_tag-marc","15":"product_tag-marcophily-hu","16":"product_tag-philagem","17":"product_tag-postatortenet","19":"first","20":"outofstock","21":"sold-individually","22":"shipping-taxable","23":"product-type-simple"},"_links":{"self":[{"href":"https:\/\/stampcurio.com\/hu\/wp-json\/wp\/v2\/product\/20917","targetHints":{"allow":["GET"]}}],"collection":[{"href":"https:\/\/stampcurio.com\/hu\/wp-json\/wp\/v2\/product"}],"about":[{"href":"https:\/\/stampcurio.com\/hu\/wp-json\/wp\/v2\/types\/product"}],"wp:featuredmedia":[{"embeddable":true,"href":"https:\/\/stampcurio.com\/hu\/wp-json\/wp\/v2\/media\/20915"}],"wp:attachment":[{"href":"https:\/\/stampcurio.com\/hu\/wp-json\/wp\/v2\/media?parent=20917"}],"wp:term":[{"taxonomy":"product_brand","embeddable":true,"href":"https:\/\/stampcurio.com\/hu\/wp-json\/wp\/v2\/product_brand?post=20917"},{"taxonomy":"product_cat","embeddable":true,"href":"https:\/\/stampcurio.com\/hu\/wp-json\/wp\/v2\/product_cat?post=20917"},{"taxonomy":"product_tag","embeddable":true,"href":"https:\/\/stampcurio.com\/hu\/wp-json\/wp\/v2\/product_tag?post=20917"}],"curies":[{"name":"wp","href":"https:\/\/api.w.org\/{rel}","templated":true}]}}