{"id":20910,"date":"2024-12-07T11:49:29","date_gmt":"2024-12-07T10:49:29","guid":{"rendered":"https:\/\/stampcurio.com\/product\/sc-24-3829\/"},"modified":"2025-12-05T04:04:54","modified_gmt":"2025-12-05T03:04:54","slug":"1879-magyarorszag-teljes-naptar-vizjeles-naptarbelyeggel-szucs-800-eur","status":"publish","type":"product","link":"https:\/\/stampcurio.com\/hu\/termek\/1879-magyarorszag-teljes-naptar-vizjeles-naptarbelyeggel-szucs-800-eur\/","title":{"rendered":"1879 Magyarorsz\u00e1g &#8211; teljes napt\u00e1r v\u00edzjeles napt\u00e1rb\u00e9lyeggel Sz\u0171cs 800 EUR"},"content":{"rendered":"","protected":false},"excerpt":{"rendered":"","protected":false},"featured_media":20907,"template":"","meta":[],"product_brand":[],"product_cat":[1172],"product_tag":[1664,282],"class_list":{"0":"post-20910","1":"product","2":"type-product","3":"status-publish","4":"has-post-thumbnail","6":"product_cat-magyarorszag","7":"product_tag-2nd-auction-hu","8":"product_tag-okmanybelyeg","10":"first","11":"outofstock","12":"sold-individually","13":"shipping-taxable","14":"product-type-simple"},"_links":{"self":[{"href":"https:\/\/stampcurio.com\/hu\/wp-json\/wp\/v2\/product\/20910","targetHints":{"allow":["GET"]}}],"collection":[{"href":"https:\/\/stampcurio.com\/hu\/wp-json\/wp\/v2\/product"}],"about":[{"href":"https:\/\/stampcurio.com\/hu\/wp-json\/wp\/v2\/types\/product"}],"wp:featuredmedia":[{"embeddable":true,"href":"https:\/\/stampcurio.com\/hu\/wp-json\/wp\/v2\/media\/20907"}],"wp:attachment":[{"href":"https:\/\/stampcurio.com\/hu\/wp-json\/wp\/v2\/media?parent=20910"}],"wp:term":[{"taxonomy":"product_brand","embeddable":true,"href":"https:\/\/stampcurio.com\/hu\/wp-json\/wp\/v2\/product_brand?post=20910"},{"taxonomy":"product_cat","embeddable":true,"href":"https:\/\/stampcurio.com\/hu\/wp-json\/wp\/v2\/product_cat?post=20910"},{"taxonomy":"product_tag","embeddable":true,"href":"https:\/\/stampcurio.com\/hu\/wp-json\/wp\/v2\/product_tag?post=20910"}],"curies":[{"name":"wp","href":"https:\/\/api.w.org\/{rel}","templated":true}]}}