{"id":20900,"date":"2024-12-07T11:48:55","date_gmt":"2024-12-07T10:48:55","guid":{"rendered":"https:\/\/stampcurio.com\/product\/sc-24-3825\/"},"modified":"2025-12-05T04:04:54","modified_gmt":"2025-12-05T03:04:54","slug":"1876-magyarorszag-osztrak-sarga-postautalvany-magyarorszagon-alvegyes-1867-1874-bermentesitessel-felhasznalva","status":"publish","type":"product","link":"https:\/\/stampcurio.com\/hu\/termek\/1876-magyarorszag-osztrak-sarga-postautalvany-magyarorszagon-alvegyes-1867-1874-bermentesitessel-felhasznalva\/","title":{"rendered":"1876 Magyarorsz\u00e1g &#8211; Osztr\u00e1k s\u00e1rga postautalv\u00e1ny Magyarorsz\u00e1gon \u00e1lvegyes 1867 \/ 1874 b\u00e9rmentes\u00edt\u00e9ssel felhaszn\u00e1lva"},"content":{"rendered":"","protected":false},"excerpt":{"rendered":"","protected":false},"featured_media":20898,"template":"","meta":[],"product_brand":[],"product_cat":[1178,1192,1172],"product_tag":[1664,116,1041,176,89,351],"class_list":{"0":"post-20900","1":"product","2":"type-product","3":"status-publish","4":"has-post-thumbnail","6":"product_cat-ausztria","7":"product_cat-horvatorszag","8":"product_cat-magyarorszag","9":"product_tag-2nd-auction-hu","10":"product_tag-belyeg","11":"product_tag-marcophily-hu","12":"product_tag-philagem","13":"product_tag-postatortenet","14":"product_tag-postautalvany","16":"first","17":"outofstock","18":"sold-individually","19":"shipping-taxable","20":"product-type-simple"},"_links":{"self":[{"href":"https:\/\/stampcurio.com\/hu\/wp-json\/wp\/v2\/product\/20900","targetHints":{"allow":["GET"]}}],"collection":[{"href":"https:\/\/stampcurio.com\/hu\/wp-json\/wp\/v2\/product"}],"about":[{"href":"https:\/\/stampcurio.com\/hu\/wp-json\/wp\/v2\/types\/product"}],"wp:featuredmedia":[{"embeddable":true,"href":"https:\/\/stampcurio.com\/hu\/wp-json\/wp\/v2\/media\/20898"}],"wp:attachment":[{"href":"https:\/\/stampcurio.com\/hu\/wp-json\/wp\/v2\/media?parent=20900"}],"wp:term":[{"taxonomy":"product_brand","embeddable":true,"href":"https:\/\/stampcurio.com\/hu\/wp-json\/wp\/v2\/product_brand?post=20900"},{"taxonomy":"product_cat","embeddable":true,"href":"https:\/\/stampcurio.com\/hu\/wp-json\/wp\/v2\/product_cat?post=20900"},{"taxonomy":"product_tag","embeddable":true,"href":"https:\/\/stampcurio.com\/hu\/wp-json\/wp\/v2\/product_tag?post=20900"}],"curies":[{"name":"wp","href":"https:\/\/api.w.org\/{rel}","templated":true}]}}