{"id":20893,"date":"2024-12-07T11:48:32","date_gmt":"2024-12-07T10:48:32","guid":{"rendered":"https:\/\/stampcurio.com\/product\/sc-24-3824\/"},"modified":"2025-12-05T04:04:55","modified_gmt":"2025-12-05T03:04:55","slug":"1867-ausztria-levante-4-soldi-dijjegyes-lap-a-benyomott-belyeg-kereten-nagyobb-lemezhibaval","status":"publish","type":"product","link":"https:\/\/stampcurio.com\/hu\/termek\/1867-ausztria-levante-4-soldi-dijjegyes-lap-a-benyomott-belyeg-kereten-nagyobb-lemezhibaval\/","title":{"rendered":"1867 Ausztria Levante &#8211; 4 soldi d\u00edjjegyes lap a benyomott b\u00e9lyeg keret\u00e9n nagyobb lemezhib\u00e1val"},"content":{"rendered":"","protected":false},"excerpt":{"rendered":"","protected":false},"featured_media":20891,"template":"","meta":[],"product_brand":[],"product_cat":[1178],"product_tag":[1664,74,187,217,1006],"class_list":{"0":"post-20893","1":"product","2":"type-product","3":"status-publish","4":"has-post-thumbnail","6":"product_cat-ausztria","7":"product_tag-2nd-auction-hu","8":"product_tag-dijjegyes","9":"product_tag-levante","10":"product_tag-tevnyomat","11":"product_tag-unsold","13":"first","14":"outofstock","15":"sold-individually","16":"shipping-taxable","17":"product-type-simple"},"_links":{"self":[{"href":"https:\/\/stampcurio.com\/hu\/wp-json\/wp\/v2\/product\/20893","targetHints":{"allow":["GET"]}}],"collection":[{"href":"https:\/\/stampcurio.com\/hu\/wp-json\/wp\/v2\/product"}],"about":[{"href":"https:\/\/stampcurio.com\/hu\/wp-json\/wp\/v2\/types\/product"}],"wp:featuredmedia":[{"embeddable":true,"href":"https:\/\/stampcurio.com\/hu\/wp-json\/wp\/v2\/media\/20891"}],"wp:attachment":[{"href":"https:\/\/stampcurio.com\/hu\/wp-json\/wp\/v2\/media?parent=20893"}],"wp:term":[{"taxonomy":"product_brand","embeddable":true,"href":"https:\/\/stampcurio.com\/hu\/wp-json\/wp\/v2\/product_brand?post=20893"},{"taxonomy":"product_cat","embeddable":true,"href":"https:\/\/stampcurio.com\/hu\/wp-json\/wp\/v2\/product_cat?post=20893"},{"taxonomy":"product_tag","embeddable":true,"href":"https:\/\/stampcurio.com\/hu\/wp-json\/wp\/v2\/product_tag?post=20893"}],"curies":[{"name":"wp","href":"https:\/\/api.w.org\/{rel}","templated":true}]}}