{"id":20888,"date":"2024-12-07T11:48:16","date_gmt":"2024-12-07T10:48:16","guid":{"rendered":"https:\/\/stampcurio.com\/product\/sc-24-3823\/"},"modified":"2025-12-05T04:04:55","modified_gmt":"2025-12-05T03:04:55","slug":"1915-magyarorszag-tabori-posta-levelezesi-lap-probanyomat-meg-a-korai-dijjegyes-kibocsatas-tervezesenek-idejebol","status":"publish","type":"product","link":"https:\/\/stampcurio.com\/hu\/termek\/1915-magyarorszag-tabori-posta-levelezesi-lap-probanyomat-meg-a-korai-dijjegyes-kibocsatas-tervezesenek-idejebol\/","title":{"rendered":"1915 Magyarorsz\u00e1g &#8211; T\u00e1bori posta levelez\u00e9si lap &#8211; pr\u00f3banyomat m\u00e9g a korai d\u00edjjegyes kibocs\u00e1t\u00e1s tervez\u00e9s\u00e9nek idej\u00e9b\u0151l"},"content":{"rendered":"","protected":false},"excerpt":{"rendered":"","protected":false},"featured_media":20886,"template":"","meta":[],"product_brand":[],"product_cat":[1178,1172],"product_tag":[1664,74,176,390,208,1006],"class_list":{"0":"post-20888","1":"product","2":"type-product","3":"status-publish","4":"has-post-thumbnail","6":"product_cat-ausztria","7":"product_cat-magyarorszag","8":"product_tag-2nd-auction-hu","9":"product_tag-dijjegyes","10":"product_tag-philagem","11":"product_tag-probanyomat","12":"product_tag-tabori-posta","13":"product_tag-unsold","15":"first","16":"outofstock","17":"sold-individually","18":"shipping-taxable","19":"product-type-simple"},"_links":{"self":[{"href":"https:\/\/stampcurio.com\/hu\/wp-json\/wp\/v2\/product\/20888","targetHints":{"allow":["GET"]}}],"collection":[{"href":"https:\/\/stampcurio.com\/hu\/wp-json\/wp\/v2\/product"}],"about":[{"href":"https:\/\/stampcurio.com\/hu\/wp-json\/wp\/v2\/types\/product"}],"wp:featuredmedia":[{"embeddable":true,"href":"https:\/\/stampcurio.com\/hu\/wp-json\/wp\/v2\/media\/20886"}],"wp:attachment":[{"href":"https:\/\/stampcurio.com\/hu\/wp-json\/wp\/v2\/media?parent=20888"}],"wp:term":[{"taxonomy":"product_brand","embeddable":true,"href":"https:\/\/stampcurio.com\/hu\/wp-json\/wp\/v2\/product_brand?post=20888"},{"taxonomy":"product_cat","embeddable":true,"href":"https:\/\/stampcurio.com\/hu\/wp-json\/wp\/v2\/product_cat?post=20888"},{"taxonomy":"product_tag","embeddable":true,"href":"https:\/\/stampcurio.com\/hu\/wp-json\/wp\/v2\/product_tag?post=20888"}],"curies":[{"name":"wp","href":"https:\/\/api.w.org\/{rel}","templated":true}]}}