{"id":20882,"date":"2024-12-07T11:48:00","date_gmt":"2024-12-07T10:48:00","guid":{"rendered":"https:\/\/stampcurio.com\/product\/sc-24-3822\/"},"modified":"2025-12-05T04:04:55","modified_gmt":"2025-12-05T03:04:55","slug":"1896-magyarorszag-hovat-magyar-nyelvu-millenniumi-dijjegyes-lap-torok-reklam-felulnyomassal-bella-zold-szinben","status":"publish","type":"product","link":"https:\/\/stampcurio.com\/hu\/termek\/1896-magyarorszag-hovat-magyar-nyelvu-millenniumi-dijjegyes-lap-torok-reklam-felulnyomassal-bella-zold-szinben\/","title":{"rendered":"1896 Magyarorsz\u00e1g &#8211; hov\u00e1t &#8211; magyar nyelv\u0171 millenniumi d\u00edjjegyes lap T\u00d6R\u00d6K rekl\u00e1m fel\u00fclnyom\u00e1ssal Bella z\u00f6ld sz\u00ednben"},"content":{"rendered":"","protected":false},"excerpt":{"rendered":"","protected":false},"featured_media":20880,"template":"","meta":[],"product_brand":[],"product_cat":[1192,1172],"product_tag":[1664,74,75],"class_list":{"0":"post-20882","1":"product","2":"type-product","3":"status-publish","4":"has-post-thumbnail","6":"product_cat-horvatorszag","7":"product_cat-magyarorszag","8":"product_tag-2nd-auction-hu","9":"product_tag-dijjegyes","10":"product_tag-reklam","12":"first","13":"outofstock","14":"sold-individually","15":"shipping-taxable","16":"product-type-simple"},"_links":{"self":[{"href":"https:\/\/stampcurio.com\/hu\/wp-json\/wp\/v2\/product\/20882","targetHints":{"allow":["GET"]}}],"collection":[{"href":"https:\/\/stampcurio.com\/hu\/wp-json\/wp\/v2\/product"}],"about":[{"href":"https:\/\/stampcurio.com\/hu\/wp-json\/wp\/v2\/types\/product"}],"wp:featuredmedia":[{"embeddable":true,"href":"https:\/\/stampcurio.com\/hu\/wp-json\/wp\/v2\/media\/20880"}],"wp:attachment":[{"href":"https:\/\/stampcurio.com\/hu\/wp-json\/wp\/v2\/media?parent=20882"}],"wp:term":[{"taxonomy":"product_brand","embeddable":true,"href":"https:\/\/stampcurio.com\/hu\/wp-json\/wp\/v2\/product_brand?post=20882"},{"taxonomy":"product_cat","embeddable":true,"href":"https:\/\/stampcurio.com\/hu\/wp-json\/wp\/v2\/product_cat?post=20882"},{"taxonomy":"product_tag","embeddable":true,"href":"https:\/\/stampcurio.com\/hu\/wp-json\/wp\/v2\/product_tag?post=20882"}],"curies":[{"name":"wp","href":"https:\/\/api.w.org\/{rel}","templated":true}]}}