{"id":20789,"date":"2024-12-06T22:18:58","date_gmt":"2024-12-06T21:18:58","guid":{"rendered":"https:\/\/stampcurio.com\/product\/sc-24-3869\/"},"modified":"2025-12-05T04:04:57","modified_gmt":"2025-12-05T03:04:57","slug":"1931-magyarorszag-tho-ma-zart-levelezolap-a-ket-ismert-hasznalt-peldany-kozul-a-szebb-a-magyar-filatelia-egyik-nagy-ritkasaga","status":"publish","type":"product","link":"https:\/\/stampcurio.com\/hu\/termek\/1931-magyarorszag-tho-ma-zart-levelezolap-a-ket-ismert-hasznalt-peldany-kozul-a-szebb-a-magyar-filatelia-egyik-nagy-ritkasaga\/","title":{"rendered":"1931 Magyarorsz\u00e1g &#8211; THO-MA z\u00e1rt levelez\u0151lap &#8211; a k\u00e9t (!!!) ismert haszn\u00e1lt p\u00e9ld\u00e1ny k\u00f6z\u00fcl a szebb &#8211; a magyar filat\u00e9lia egyik nagy ritkas\u00e1ga!"},"content":{"rendered":"","protected":false},"excerpt":{"rendered":"<p>N\u00e9metorsz\u00e1gba k\u00fcldve kedvezm\u00e9nyes 32f tarif\u00e1val. A m\u00e1sik ismert p\u00e9ld\u00e1ny t\u00e1vols\u00e1gi k\u00fcldem\u00e9ny, d\u00edjkieg\u00e9sz\u00edt\u00e9s n\u00e9lk\u00fcl \u00e9s k\u00e9t darabra van szakadva.<\/p>\n","protected":false},"featured_media":20787,"template":"","meta":[],"product_brand":[],"product_cat":[1172],"product_tag":[1664,74,176,75,1006],"class_list":{"0":"post-20789","1":"product","2":"type-product","3":"status-publish","4":"has-post-thumbnail","6":"product_cat-magyarorszag","7":"product_tag-2nd-auction-hu","8":"product_tag-dijjegyes","9":"product_tag-philagem","10":"product_tag-reklam","11":"product_tag-unsold","13":"first","14":"outofstock","15":"sold-individually","16":"shipping-taxable","17":"product-type-simple"},"_links":{"self":[{"href":"https:\/\/stampcurio.com\/hu\/wp-json\/wp\/v2\/product\/20789","targetHints":{"allow":["GET"]}}],"collection":[{"href":"https:\/\/stampcurio.com\/hu\/wp-json\/wp\/v2\/product"}],"about":[{"href":"https:\/\/stampcurio.com\/hu\/wp-json\/wp\/v2\/types\/product"}],"wp:featuredmedia":[{"embeddable":true,"href":"https:\/\/stampcurio.com\/hu\/wp-json\/wp\/v2\/media\/20787"}],"wp:attachment":[{"href":"https:\/\/stampcurio.com\/hu\/wp-json\/wp\/v2\/media?parent=20789"}],"wp:term":[{"taxonomy":"product_brand","embeddable":true,"href":"https:\/\/stampcurio.com\/hu\/wp-json\/wp\/v2\/product_brand?post=20789"},{"taxonomy":"product_cat","embeddable":true,"href":"https:\/\/stampcurio.com\/hu\/wp-json\/wp\/v2\/product_cat?post=20789"},{"taxonomy":"product_tag","embeddable":true,"href":"https:\/\/stampcurio.com\/hu\/wp-json\/wp\/v2\/product_tag?post=20789"}],"curies":[{"name":"wp","href":"https:\/\/api.w.org\/{rel}","templated":true}]}}