{"id":20786,"date":"2024-12-06T22:18:49","date_gmt":"2024-12-06T21:18:49","guid":{"rendered":"https:\/\/stampcurio.com\/product\/sc-24-3868\/"},"modified":"2025-12-05T04:04:57","modified_gmt":"2025-12-05T03:04:57","slug":"1945-magyarorszag-postatiszta-kisegito-belyegek-felulnyomat-nelkul-29-fele","status":"publish","type":"product","link":"https:\/\/stampcurio.com\/hu\/termek\/1945-magyarorszag-postatiszta-kisegito-belyegek-felulnyomat-nelkul-29-fele\/","title":{"rendered":"1945 Magyarorsz\u00e1g &#8211; postatiszta ** kiseg\u00edt\u0151 b\u00e9lyegek fel\u00fclnyomat n\u00e9lk\u00fcl 29 f\u00e9le"},"content":{"rendered":"","protected":false},"excerpt":{"rendered":"","protected":false},"featured_media":20784,"template":"","meta":[],"product_brand":[],"product_cat":[1172],"product_tag":[1664,116,217,1006],"class_list":{"0":"post-20786","1":"product","2":"type-product","3":"status-publish","4":"has-post-thumbnail","6":"product_cat-magyarorszag","7":"product_tag-2nd-auction-hu","8":"product_tag-belyeg","9":"product_tag-tevnyomat","10":"product_tag-unsold","12":"first","13":"outofstock","14":"sold-individually","15":"shipping-taxable","16":"product-type-simple"},"_links":{"self":[{"href":"https:\/\/stampcurio.com\/hu\/wp-json\/wp\/v2\/product\/20786","targetHints":{"allow":["GET"]}}],"collection":[{"href":"https:\/\/stampcurio.com\/hu\/wp-json\/wp\/v2\/product"}],"about":[{"href":"https:\/\/stampcurio.com\/hu\/wp-json\/wp\/v2\/types\/product"}],"wp:featuredmedia":[{"embeddable":true,"href":"https:\/\/stampcurio.com\/hu\/wp-json\/wp\/v2\/media\/20784"}],"wp:attachment":[{"href":"https:\/\/stampcurio.com\/hu\/wp-json\/wp\/v2\/media?parent=20786"}],"wp:term":[{"taxonomy":"product_brand","embeddable":true,"href":"https:\/\/stampcurio.com\/hu\/wp-json\/wp\/v2\/product_brand?post=20786"},{"taxonomy":"product_cat","embeddable":true,"href":"https:\/\/stampcurio.com\/hu\/wp-json\/wp\/v2\/product_cat?post=20786"},{"taxonomy":"product_tag","embeddable":true,"href":"https:\/\/stampcurio.com\/hu\/wp-json\/wp\/v2\/product_tag?post=20786"}],"curies":[{"name":"wp","href":"https:\/\/api.w.org\/{rel}","templated":true}]}}