{"id":20781,"date":"2024-12-06T22:18:33","date_gmt":"2024-12-06T21:18:33","guid":{"rendered":"https:\/\/stampcurio.com\/product\/sc-24-3867\/"},"modified":"2025-12-05T04:04:58","modified_gmt":"2025-12-05T03:04:58","slug":"1867-ausztria-2kr-dijjegyes-szep-bludenz-lindau-46-f-p-a-mozgoposta-es-salzburg-palyaudvari-belyegzessel","status":"publish","type":"product","link":"https:\/\/stampcurio.com\/hu\/termek\/1867-ausztria-2kr-dijjegyes-szep-bludenz-lindau-46-f-p-a-mozgoposta-es-salzburg-palyaudvari-belyegzessel\/","title":{"rendered":"1867 Ausztria &#8211; 2kr d\u00edjjegyes sz\u00e9p BLUDENZ LINDAU 46 F.P.A. mozg\u00f3posta \u00e9s SALZBURG p\u00e1lyaudvari b\u00e9lyegz\u00e9ssel"},"content":{"rendered":"","protected":false},"excerpt":{"rendered":"","protected":false},"featured_media":20779,"template":"","meta":[],"product_brand":[],"product_cat":[1178],"product_tag":[1664,74,1041,1267,89],"class_list":{"0":"post-20781","1":"product","2":"type-product","3":"status-publish","4":"has-post-thumbnail","6":"product_cat-ausztria","7":"product_tag-2nd-auction-hu","8":"product_tag-dijjegyes","9":"product_tag-marcophily-hu","10":"product_tag-mozgoposta","11":"product_tag-postatortenet","13":"first","14":"outofstock","15":"sold-individually","16":"shipping-taxable","17":"product-type-simple"},"_links":{"self":[{"href":"https:\/\/stampcurio.com\/hu\/wp-json\/wp\/v2\/product\/20781","targetHints":{"allow":["GET"]}}],"collection":[{"href":"https:\/\/stampcurio.com\/hu\/wp-json\/wp\/v2\/product"}],"about":[{"href":"https:\/\/stampcurio.com\/hu\/wp-json\/wp\/v2\/types\/product"}],"wp:featuredmedia":[{"embeddable":true,"href":"https:\/\/stampcurio.com\/hu\/wp-json\/wp\/v2\/media\/20779"}],"wp:attachment":[{"href":"https:\/\/stampcurio.com\/hu\/wp-json\/wp\/v2\/media?parent=20781"}],"wp:term":[{"taxonomy":"product_brand","embeddable":true,"href":"https:\/\/stampcurio.com\/hu\/wp-json\/wp\/v2\/product_brand?post=20781"},{"taxonomy":"product_cat","embeddable":true,"href":"https:\/\/stampcurio.com\/hu\/wp-json\/wp\/v2\/product_cat?post=20781"},{"taxonomy":"product_tag","embeddable":true,"href":"https:\/\/stampcurio.com\/hu\/wp-json\/wp\/v2\/product_tag?post=20781"}],"curies":[{"name":"wp","href":"https:\/\/api.w.org\/{rel}","templated":true}]}}