{"id":20776,"date":"2024-12-06T22:18:17","date_gmt":"2024-12-06T21:18:17","guid":{"rendered":"https:\/\/stampcurio.com\/product\/sc-24-3866\/"},"modified":"2025-12-05T04:04:58","modified_gmt":"2025-12-05T03:04:58","slug":"1938-svedorszag-10-ore-dijjegyes-lap-dijkiegeszitessel-magyarorszagra-ritkabb-destinacio","status":"publish","type":"product","link":"https:\/\/stampcurio.com\/hu\/termek\/1938-svedorszag-10-ore-dijjegyes-lap-dijkiegeszitessel-magyarorszagra-ritkabb-destinacio\/","title":{"rendered":"1938 Sv\u00e9dorsz\u00e1g &#8211; 10 \u00d6RE d\u00edjjegyes lap d\u00edjkieg\u00e9sz\u00edt\u00e9ssel Magyarorsz\u00e1gra &#8211; ritk\u00e1bb destin\u00e1ci\u00f3"},"content":{"rendered":"","protected":false},"excerpt":{"rendered":"","protected":false},"featured_media":20774,"template":"","meta":[],"product_brand":[],"product_cat":[1172,1237],"product_tag":[1664,74,1041,89],"class_list":{"0":"post-20776","1":"product","2":"type-product","3":"status-publish","4":"has-post-thumbnail","6":"product_cat-magyarorszag","7":"product_cat-svedorszag","8":"product_tag-2nd-auction-hu","9":"product_tag-dijjegyes","10":"product_tag-marcophily-hu","11":"product_tag-postatortenet","13":"first","14":"outofstock","15":"sold-individually","16":"shipping-taxable","17":"product-type-simple"},"_links":{"self":[{"href":"https:\/\/stampcurio.com\/hu\/wp-json\/wp\/v2\/product\/20776","targetHints":{"allow":["GET"]}}],"collection":[{"href":"https:\/\/stampcurio.com\/hu\/wp-json\/wp\/v2\/product"}],"about":[{"href":"https:\/\/stampcurio.com\/hu\/wp-json\/wp\/v2\/types\/product"}],"wp:featuredmedia":[{"embeddable":true,"href":"https:\/\/stampcurio.com\/hu\/wp-json\/wp\/v2\/media\/20774"}],"wp:attachment":[{"href":"https:\/\/stampcurio.com\/hu\/wp-json\/wp\/v2\/media?parent=20776"}],"wp:term":[{"taxonomy":"product_brand","embeddable":true,"href":"https:\/\/stampcurio.com\/hu\/wp-json\/wp\/v2\/product_brand?post=20776"},{"taxonomy":"product_cat","embeddable":true,"href":"https:\/\/stampcurio.com\/hu\/wp-json\/wp\/v2\/product_cat?post=20776"},{"taxonomy":"product_tag","embeddable":true,"href":"https:\/\/stampcurio.com\/hu\/wp-json\/wp\/v2\/product_tag?post=20776"}],"curies":[{"name":"wp","href":"https:\/\/api.w.org\/{rel}","templated":true}]}}