{"id":20771,"date":"2024-12-06T22:18:01","date_gmt":"2024-12-06T21:18:01","guid":{"rendered":"https:\/\/stampcurio.com\/product\/sc-24-3865\/"},"modified":"2025-12-05T04:04:58","modified_gmt":"2025-12-05T03:04:58","slug":"1946-magyarorszag-1945-december-31-en-bermentesites-nelkul-kulfoldre-romania-feladott-ajanlott-boritek-a-kulfoldre-kuldes-portokoteles-volt-igy-a-levelet-nem-vittek-el-hanem-a-postadijat-1946-j","status":"publish","type":"product","link":"https:\/\/stampcurio.com\/hu\/termek\/1946-magyarorszag-1945-december-31-en-bermentesites-nelkul-kulfoldre-romania-feladott-ajanlott-boritek-a-kulfoldre-kuldes-portokoteles-volt-igy-a-levelet-nem-vittek-el-hanem-a-postadijat-1946-j\/","title":{"rendered":"1946 Magyarorsz\u00e1g &#8211; 1945. december 31-\u00e9n b\u00e9rmentes\u00edt\u00e9s n\u00e9lk\u00fcl k\u00fclf\u00f6ldre (Rom\u00e1nia) feladott aj\u00e1nlott bor\u00edt\u00e9k. A k\u00fclf\u00f6ldre k\u00fcld\u00e9s port\u00f3k\u00f6teles volt, \u00edgy a levelet nem vitt\u00e9k el hanem a postad\u00edjat 1946 janu\u00e1r 1-\u00e9n beszedt\u00e9k a felad\u00f3t\u00f3l \u00e9s ut\u00e1nna indult csak \u00fatnak a k\u00fcldem\u00e9ny."},"content":{"rendered":"","protected":false},"excerpt":{"rendered":"","protected":false},"featured_media":20768,"template":"","meta":[],"product_brand":[],"product_cat":[1172,1208],"product_tag":[1664,1041,108,89],"class_list":{"0":"post-20771","1":"product","2":"type-product","3":"status-publish","4":"has-post-thumbnail","6":"product_cat-magyarorszag","7":"product_cat-romania","8":"product_tag-2nd-auction-hu","9":"product_tag-marcophily-hu","10":"product_tag-porto","11":"product_tag-postatortenet","13":"first","14":"outofstock","15":"sold-individually","16":"shipping-taxable","17":"product-type-simple"},"_links":{"self":[{"href":"https:\/\/stampcurio.com\/hu\/wp-json\/wp\/v2\/product\/20771","targetHints":{"allow":["GET"]}}],"collection":[{"href":"https:\/\/stampcurio.com\/hu\/wp-json\/wp\/v2\/product"}],"about":[{"href":"https:\/\/stampcurio.com\/hu\/wp-json\/wp\/v2\/types\/product"}],"wp:featuredmedia":[{"embeddable":true,"href":"https:\/\/stampcurio.com\/hu\/wp-json\/wp\/v2\/media\/20768"}],"wp:attachment":[{"href":"https:\/\/stampcurio.com\/hu\/wp-json\/wp\/v2\/media?parent=20771"}],"wp:term":[{"taxonomy":"product_brand","embeddable":true,"href":"https:\/\/stampcurio.com\/hu\/wp-json\/wp\/v2\/product_brand?post=20771"},{"taxonomy":"product_cat","embeddable":true,"href":"https:\/\/stampcurio.com\/hu\/wp-json\/wp\/v2\/product_cat?post=20771"},{"taxonomy":"product_tag","embeddable":true,"href":"https:\/\/stampcurio.com\/hu\/wp-json\/wp\/v2\/product_tag?post=20771"}],"curies":[{"name":"wp","href":"https:\/\/api.w.org\/{rel}","templated":true}]}}