{"id":20765,"date":"2024-12-06T22:17:45","date_gmt":"2024-12-06T21:17:45","guid":{"rendered":"https:\/\/stampcurio.com\/product\/sc-24-3862\/"},"modified":"2025-12-05T04:04:59","modified_gmt":"2025-12-05T03:04:59","slug":"1850-wurttemberg-portos-boritek-dekorativ-kek-stuttgart-es-piros-stuttgart-charge-belyegzesekkel","status":"publish","type":"product","link":"https:\/\/stampcurio.com\/hu\/termek\/1850-wurttemberg-portos-boritek-dekorativ-kek-stuttgart-es-piros-stuttgart-charge-belyegzesekkel\/","title":{"rendered":"1850 W\u00fcrttemberg &#8211; port\u00f3s bor\u00edt\u00e9k dekorat\u00edv k\u00e9k Stuttgart \u00e9s piros Stuttgart Charg\u00e9 b\u00e9lyegz\u00e9sekkel"},"content":{"rendered":"","protected":false},"excerpt":{"rendered":"","protected":false},"featured_media":20763,"template":"","meta":[],"product_brand":[],"product_cat":[1175],"product_tag":[1664,1041,108,89,1631,1305],"class_list":{"0":"post-20765","1":"product","2":"type-product","3":"status-publish","4":"has-post-thumbnail","6":"product_cat-nemetorszag","7":"product_tag-2nd-auction-hu","8":"product_tag-marcophily-hu","9":"product_tag-porto","10":"product_tag-postatortenet","11":"product_tag-pre-upu","12":"product_tag-vorphila","14":"first","15":"outofstock","16":"sold-individually","17":"shipping-taxable","18":"product-type-simple"},"_links":{"self":[{"href":"https:\/\/stampcurio.com\/hu\/wp-json\/wp\/v2\/product\/20765","targetHints":{"allow":["GET"]}}],"collection":[{"href":"https:\/\/stampcurio.com\/hu\/wp-json\/wp\/v2\/product"}],"about":[{"href":"https:\/\/stampcurio.com\/hu\/wp-json\/wp\/v2\/types\/product"}],"wp:featuredmedia":[{"embeddable":true,"href":"https:\/\/stampcurio.com\/hu\/wp-json\/wp\/v2\/media\/20763"}],"wp:attachment":[{"href":"https:\/\/stampcurio.com\/hu\/wp-json\/wp\/v2\/media?parent=20765"}],"wp:term":[{"taxonomy":"product_brand","embeddable":true,"href":"https:\/\/stampcurio.com\/hu\/wp-json\/wp\/v2\/product_brand?post=20765"},{"taxonomy":"product_cat","embeddable":true,"href":"https:\/\/stampcurio.com\/hu\/wp-json\/wp\/v2\/product_cat?post=20765"},{"taxonomy":"product_tag","embeddable":true,"href":"https:\/\/stampcurio.com\/hu\/wp-json\/wp\/v2\/product_tag?post=20765"}],"curies":[{"name":"wp","href":"https:\/\/api.w.org\/{rel}","templated":true}]}}