{"id":20756,"date":"2024-12-06T22:17:13","date_gmt":"2024-12-06T21:17:13","guid":{"rendered":"https:\/\/stampcurio.com\/product\/sc-24-3861\/"},"modified":"2025-12-05T04:04:59","modified_gmt":"2025-12-05T03:04:59","slug":"1858-ausztria-masodik-sulyu-helyi-level-rendkivul-ritka-kuldemeny-fajta-pesth-belyegzessel-a-belyegeken-andraskereszt-vegzodessel","status":"publish","type":"product","link":"https:\/\/stampcurio.com\/hu\/termek\/1858-ausztria-masodik-sulyu-helyi-level-rendkivul-ritka-kuldemeny-fajta-pesth-belyegzessel-a-belyegeken-andraskereszt-vegzodessel\/","title":{"rendered":"1858 Ausztria &#8211; M\u00e1sodik s\u00faly\u00fa helyi lev\u00e9l (rendk\u00edv\u00fcl ritka k\u00fcldem\u00e9ny fajta) PESTH b\u00e9lyegz\u00e9ssel &#8211; a b\u00e9lyegeken andr\u00e1skereszt v\u00e9gz\u0151d\u00e9ssel (!)"},"content":{"rendered":"","protected":false},"excerpt":{"rendered":"","protected":false},"featured_media":20754,"template":"","meta":[],"product_brand":[],"product_cat":[1178,1172],"product_tag":[1664,116,176,89,1631,217],"class_list":{"0":"post-20756","1":"product","2":"type-product","3":"status-publish","4":"has-post-thumbnail","6":"product_cat-ausztria","7":"product_cat-magyarorszag","8":"product_tag-2nd-auction-hu","9":"product_tag-belyeg","10":"product_tag-philagem","11":"product_tag-postatortenet","12":"product_tag-pre-upu","13":"product_tag-tevnyomat","15":"first","16":"outofstock","17":"sold-individually","18":"shipping-taxable","19":"product-type-simple"},"_links":{"self":[{"href":"https:\/\/stampcurio.com\/hu\/wp-json\/wp\/v2\/product\/20756","targetHints":{"allow":["GET"]}}],"collection":[{"href":"https:\/\/stampcurio.com\/hu\/wp-json\/wp\/v2\/product"}],"about":[{"href":"https:\/\/stampcurio.com\/hu\/wp-json\/wp\/v2\/types\/product"}],"wp:featuredmedia":[{"embeddable":true,"href":"https:\/\/stampcurio.com\/hu\/wp-json\/wp\/v2\/media\/20754"}],"wp:attachment":[{"href":"https:\/\/stampcurio.com\/hu\/wp-json\/wp\/v2\/media?parent=20756"}],"wp:term":[{"taxonomy":"product_brand","embeddable":true,"href":"https:\/\/stampcurio.com\/hu\/wp-json\/wp\/v2\/product_brand?post=20756"},{"taxonomy":"product_cat","embeddable":true,"href":"https:\/\/stampcurio.com\/hu\/wp-json\/wp\/v2\/product_cat?post=20756"},{"taxonomy":"product_tag","embeddable":true,"href":"https:\/\/stampcurio.com\/hu\/wp-json\/wp\/v2\/product_tag?post=20756"}],"curies":[{"name":"wp","href":"https:\/\/api.w.org\/{rel}","templated":true}]}}