{"id":20743,"date":"2024-12-06T22:16:25","date_gmt":"2024-12-06T21:16:25","guid":{"rendered":"https:\/\/stampcurio.com\/product\/sc-24-3860\/"},"modified":"2025-12-05T04:04:59","modified_gmt":"2025-12-05T03:04:59","slug":"1858-ausztria-harmadik-zonas-tavolsagi-level-rendkivul-ritka-piros-gospic-belyegzessel-muller-400-pont-attest-bpb-bach-and-eichele","status":"publish","type":"product","link":"https:\/\/stampcurio.com\/hu\/termek\/1858-ausztria-harmadik-zonas-tavolsagi-level-rendkivul-ritka-piros-gospic-belyegzessel-muller-400-pont-attest-bpb-bach-and-eichele\/","title":{"rendered":"1858 Ausztria &#8211; harmadik z\u00f3n\u00e1s t\u00e1vols\u00e1gi lev\u00e9l rendk\u00edv\u00fcl ritka piros GOSPIC b\u00e9lyegz\u00e9ssel M\u00fcller 400 pont \/ Attest:  BPB \/ Bach and Eichele"},"content":{"rendered":"","protected":false},"excerpt":{"rendered":"","protected":false},"featured_media":20741,"template":"","meta":[],"product_brand":[],"product_cat":[1178,1192,1172],"product_tag":[1664,116,1041,176,89,1631],"class_list":{"0":"post-20743","1":"product","2":"type-product","3":"status-publish","4":"has-post-thumbnail","6":"product_cat-ausztria","7":"product_cat-horvatorszag","8":"product_cat-magyarorszag","9":"product_tag-2nd-auction-hu","10":"product_tag-belyeg","11":"product_tag-marcophily-hu","12":"product_tag-philagem","13":"product_tag-postatortenet","14":"product_tag-pre-upu","16":"first","17":"outofstock","18":"sold-individually","19":"shipping-taxable","20":"product-type-simple"},"_links":{"self":[{"href":"https:\/\/stampcurio.com\/hu\/wp-json\/wp\/v2\/product\/20743","targetHints":{"allow":["GET"]}}],"collection":[{"href":"https:\/\/stampcurio.com\/hu\/wp-json\/wp\/v2\/product"}],"about":[{"href":"https:\/\/stampcurio.com\/hu\/wp-json\/wp\/v2\/types\/product"}],"wp:featuredmedia":[{"embeddable":true,"href":"https:\/\/stampcurio.com\/hu\/wp-json\/wp\/v2\/media\/20741"}],"wp:attachment":[{"href":"https:\/\/stampcurio.com\/hu\/wp-json\/wp\/v2\/media?parent=20743"}],"wp:term":[{"taxonomy":"product_brand","embeddable":true,"href":"https:\/\/stampcurio.com\/hu\/wp-json\/wp\/v2\/product_brand?post=20743"},{"taxonomy":"product_cat","embeddable":true,"href":"https:\/\/stampcurio.com\/hu\/wp-json\/wp\/v2\/product_cat?post=20743"},{"taxonomy":"product_tag","embeddable":true,"href":"https:\/\/stampcurio.com\/hu\/wp-json\/wp\/v2\/product_tag?post=20743"}],"curies":[{"name":"wp","href":"https:\/\/api.w.org\/{rel}","templated":true}]}}