{"id":20734,"date":"2024-12-06T22:15:52","date_gmt":"2024-12-06T21:15:52","guid":{"rendered":"https:\/\/stampcurio.com\/product\/sc-24-3858\/"},"modified":"2025-12-05T04:05:00","modified_gmt":"2025-12-05T03:05:00","slug":"1960s-eszak-korea-jobb-postatiszta-sorok-flora-es-fauna-tematikaban-stampworld-13325-eur","status":"publish","type":"product","link":"https:\/\/stampcurio.com\/hu\/termek\/1960s-eszak-korea-jobb-postatiszta-sorok-flora-es-fauna-tematikaban-stampworld-13325-eur\/","title":{"rendered":"1960s \u00c9szak-Korea &#8211; jobb postatiszta sorok &#8211; fl\u00f3ra \u00e9s fauna tematik\u00e1ban | Stampworld: 133,25 EUR"},"content":{"rendered":"","protected":false},"excerpt":{"rendered":"","protected":false},"featured_media":20732,"template":"","meta":[],"product_brand":[],"product_cat":[1225],"product_tag":[1664,116,1374],"class_list":{"0":"post-20734","1":"product","2":"type-product","3":"status-publish","4":"has-post-thumbnail","6":"product_cat-eszak-korea","7":"product_tag-2nd-auction-hu","8":"product_tag-belyeg","9":"product_tag-motivum","11":"first","12":"outofstock","13":"sold-individually","14":"shipping-taxable","15":"product-type-simple"},"_links":{"self":[{"href":"https:\/\/stampcurio.com\/hu\/wp-json\/wp\/v2\/product\/20734","targetHints":{"allow":["GET"]}}],"collection":[{"href":"https:\/\/stampcurio.com\/hu\/wp-json\/wp\/v2\/product"}],"about":[{"href":"https:\/\/stampcurio.com\/hu\/wp-json\/wp\/v2\/types\/product"}],"wp:featuredmedia":[{"embeddable":true,"href":"https:\/\/stampcurio.com\/hu\/wp-json\/wp\/v2\/media\/20732"}],"wp:attachment":[{"href":"https:\/\/stampcurio.com\/hu\/wp-json\/wp\/v2\/media?parent=20734"}],"wp:term":[{"taxonomy":"product_brand","embeddable":true,"href":"https:\/\/stampcurio.com\/hu\/wp-json\/wp\/v2\/product_brand?post=20734"},{"taxonomy":"product_cat","embeddable":true,"href":"https:\/\/stampcurio.com\/hu\/wp-json\/wp\/v2\/product_cat?post=20734"},{"taxonomy":"product_tag","embeddable":true,"href":"https:\/\/stampcurio.com\/hu\/wp-json\/wp\/v2\/product_tag?post=20734"}],"curies":[{"name":"wp","href":"https:\/\/api.w.org\/{rel}","templated":true}]}}