{"id":20726,"date":"2024-12-06T22:15:25","date_gmt":"2024-12-06T21:15:25","guid":{"rendered":"https:\/\/stampcurio.com\/product\/sc-24-3853\/"},"modified":"2025-12-05T04:05:00","modified_gmt":"2025-12-05T03:05:00","slug":"1867-ausztria-kulonfele-erdekessegek-falccal-albumlapokon-a-nyilak-a-belyegekre-vannak-ragasztva-leaztathato","status":"publish","type":"product","link":"https:\/\/stampcurio.com\/hu\/termek\/1867-ausztria-kulonfele-erdekessegek-falccal-albumlapokon-a-nyilak-a-belyegekre-vannak-ragasztva-leaztathato\/","title":{"rendered":"1867 Ausztria &#8211; k\u00fcl\u00f6nf\u00e9le \u00e9rdekess\u00e9gek falccal albumlapokon &#8211; a nyilak a b\u00e9lyegekre vannak ragasztva (le\u00e1ztathat\u00f3)"},"content":{"rendered":"","protected":false},"excerpt":{"rendered":"","protected":false},"featured_media":20724,"template":"","meta":[],"product_brand":[],"product_cat":[1178],"product_tag":[1664,116,217],"class_list":{"0":"post-20726","1":"product","2":"type-product","3":"status-publish","4":"has-post-thumbnail","6":"product_cat-ausztria","7":"product_tag-2nd-auction-hu","8":"product_tag-belyeg","9":"product_tag-tevnyomat","11":"first","12":"outofstock","13":"sold-individually","14":"shipping-taxable","15":"product-type-simple"},"_links":{"self":[{"href":"https:\/\/stampcurio.com\/hu\/wp-json\/wp\/v2\/product\/20726","targetHints":{"allow":["GET"]}}],"collection":[{"href":"https:\/\/stampcurio.com\/hu\/wp-json\/wp\/v2\/product"}],"about":[{"href":"https:\/\/stampcurio.com\/hu\/wp-json\/wp\/v2\/types\/product"}],"wp:featuredmedia":[{"embeddable":true,"href":"https:\/\/stampcurio.com\/hu\/wp-json\/wp\/v2\/media\/20724"}],"wp:attachment":[{"href":"https:\/\/stampcurio.com\/hu\/wp-json\/wp\/v2\/media?parent=20726"}],"wp:term":[{"taxonomy":"product_brand","embeddable":true,"href":"https:\/\/stampcurio.com\/hu\/wp-json\/wp\/v2\/product_brand?post=20726"},{"taxonomy":"product_cat","embeddable":true,"href":"https:\/\/stampcurio.com\/hu\/wp-json\/wp\/v2\/product_cat?post=20726"},{"taxonomy":"product_tag","embeddable":true,"href":"https:\/\/stampcurio.com\/hu\/wp-json\/wp\/v2\/product_tag?post=20726"}],"curies":[{"name":"wp","href":"https:\/\/api.w.org\/{rel}","templated":true}]}}