{"id":20721,"date":"2024-12-06T22:15:06","date_gmt":"2024-12-06T21:15:06","guid":{"rendered":"https:\/\/stampcurio.com\/product\/sc-24-3852\/"},"modified":"2025-12-05T04:05:00","modified_gmt":"2025-12-05T03:05:00","slug":"1946-magyarorszag-majus-3-an-kulfoldre-kuldott-nyomtatvany-belyegkereskedo-arlistaja-ritka-kuldemeny-fajta","status":"publish","type":"product","link":"https:\/\/stampcurio.com\/hu\/termek\/1946-magyarorszag-majus-3-an-kulfoldre-kuldott-nyomtatvany-belyegkereskedo-arlistaja-ritka-kuldemeny-fajta\/","title":{"rendered":"1946 Magyarorsz\u00e1g &#8211; m\u00e1jus 3.-\u00e1n k\u00fclf\u00f6ldre k\u00fcld\u00f6tt nyomtatv\u00e1ny \/ b\u00e9lyegkeresked\u0151 \u00e1rlist\u00e1ja &#8211; ritka k\u00fcldem\u00e9ny fajta"},"content":{"rendered":"","protected":false},"excerpt":{"rendered":"","protected":false},"featured_media":20719,"template":"","meta":[],"product_brand":[],"product_cat":[1204,1172],"product_tag":[1664,89],"class_list":{"0":"post-20721","1":"product","2":"type-product","3":"status-publish","4":"has-post-thumbnail","6":"product_cat-amerikai-egyesult-allamok","7":"product_cat-magyarorszag","8":"product_tag-2nd-auction-hu","9":"product_tag-postatortenet","11":"first","12":"outofstock","13":"sold-individually","14":"shipping-taxable","15":"product-type-simple"},"_links":{"self":[{"href":"https:\/\/stampcurio.com\/hu\/wp-json\/wp\/v2\/product\/20721","targetHints":{"allow":["GET"]}}],"collection":[{"href":"https:\/\/stampcurio.com\/hu\/wp-json\/wp\/v2\/product"}],"about":[{"href":"https:\/\/stampcurio.com\/hu\/wp-json\/wp\/v2\/types\/product"}],"wp:featuredmedia":[{"embeddable":true,"href":"https:\/\/stampcurio.com\/hu\/wp-json\/wp\/v2\/media\/20719"}],"wp:attachment":[{"href":"https:\/\/stampcurio.com\/hu\/wp-json\/wp\/v2\/media?parent=20721"}],"wp:term":[{"taxonomy":"product_brand","embeddable":true,"href":"https:\/\/stampcurio.com\/hu\/wp-json\/wp\/v2\/product_brand?post=20721"},{"taxonomy":"product_cat","embeddable":true,"href":"https:\/\/stampcurio.com\/hu\/wp-json\/wp\/v2\/product_cat?post=20721"},{"taxonomy":"product_tag","embeddable":true,"href":"https:\/\/stampcurio.com\/hu\/wp-json\/wp\/v2\/product_tag?post=20721"}],"curies":[{"name":"wp","href":"https:\/\/api.w.org\/{rel}","templated":true}]}}