{"id":20715,"date":"2024-12-06T22:14:49","date_gmt":"2024-12-06T21:14:49","guid":{"rendered":"https:\/\/stampcurio.com\/product\/sc-24-3851\/"},"modified":"2025-12-05T04:05:01","modified_gmt":"2025-12-05T03:05:01","slug":"1950-eszak-korea-a-japanbol-valo-felszabadulas-5-evforduloja-postatiszta-tizenkettes-tomb-zaszlo-variansokkal","status":"publish","type":"product","link":"https:\/\/stampcurio.com\/hu\/termek\/1950-eszak-korea-a-japanbol-valo-felszabadulas-5-evforduloja-postatiszta-tizenkettes-tomb-zaszlo-variansokkal\/","title":{"rendered":"1950 \u00c9szak-Korea &#8211; &#8220;A Jap\u00e1nb\u00f3l val\u00f3 felszabadul\u00e1s 5. \u00e9vfordul\u00f3ja&#8221; postatiszta tizenkettes t\u00f6mb &#8211; z\u00e1szl\u00f3 vari\u00e1nsokkal"},"content":{"rendered":"","protected":false},"excerpt":{"rendered":"","protected":false},"featured_media":20713,"template":"","meta":[],"product_brand":[],"product_cat":[1225],"product_tag":[1664,116,217],"class_list":{"0":"post-20715","1":"product","2":"type-product","3":"status-publish","4":"has-post-thumbnail","6":"product_cat-eszak-korea","7":"product_tag-2nd-auction-hu","8":"product_tag-belyeg","9":"product_tag-tevnyomat","11":"first","12":"outofstock","13":"sold-individually","14":"shipping-taxable","15":"product-type-simple"},"_links":{"self":[{"href":"https:\/\/stampcurio.com\/hu\/wp-json\/wp\/v2\/product\/20715","targetHints":{"allow":["GET"]}}],"collection":[{"href":"https:\/\/stampcurio.com\/hu\/wp-json\/wp\/v2\/product"}],"about":[{"href":"https:\/\/stampcurio.com\/hu\/wp-json\/wp\/v2\/types\/product"}],"wp:featuredmedia":[{"embeddable":true,"href":"https:\/\/stampcurio.com\/hu\/wp-json\/wp\/v2\/media\/20713"}],"wp:attachment":[{"href":"https:\/\/stampcurio.com\/hu\/wp-json\/wp\/v2\/media?parent=20715"}],"wp:term":[{"taxonomy":"product_brand","embeddable":true,"href":"https:\/\/stampcurio.com\/hu\/wp-json\/wp\/v2\/product_brand?post=20715"},{"taxonomy":"product_cat","embeddable":true,"href":"https:\/\/stampcurio.com\/hu\/wp-json\/wp\/v2\/product_cat?post=20715"},{"taxonomy":"product_tag","embeddable":true,"href":"https:\/\/stampcurio.com\/hu\/wp-json\/wp\/v2\/product_tag?post=20715"}],"curies":[{"name":"wp","href":"https:\/\/api.w.org\/{rel}","templated":true}]}}