{"id":20710,"date":"2024-12-06T22:14:34","date_gmt":"2024-12-06T21:14:34","guid":{"rendered":"https:\/\/stampcurio.com\/product\/sc-24-3850\/"},"modified":"2025-12-05T04:05:01","modified_gmt":"2025-12-05T03:05:01","slug":"1940-magyarorszag-kepeslap-ritka-klenova-%d0%ba%d0%bb%d0%b5%d0%bd%d0%be%d0%b2%d0%b0-ruten-magyar-ketnyelvu-belyegzessel-pu-200-pont","status":"publish","type":"product","link":"https:\/\/stampcurio.com\/hu\/termek\/1940-magyarorszag-kepeslap-ritka-klenova-%d0%ba%d0%bb%d0%b5%d0%bd%d0%be%d0%b2%d0%b0-ruten-magyar-ketnyelvu-belyegzessel-pu-200-pont\/","title":{"rendered":"1940 Magyarorsz\u00e1g &#8211; k\u00e9peslap ritka KLENOVA \/ \u041a\u041b\u0415\u041d\u041e\u0412\u0410 rut\u00e9n &#8211; magyar k\u00e9tnyelv\u0171 b\u00e9lyegz\u00e9ssel | P\u00dc: 200 pont"},"content":{"rendered":"","protected":false},"excerpt":{"rendered":"","protected":false},"featured_media":20708,"template":"","meta":[],"product_brand":[],"product_cat":[1172,1189,1226],"product_tag":[1664,97,1041,89],"class_list":{"0":"post-20710","1":"product","2":"type-product","3":"status-publish","4":"has-post-thumbnail","6":"product_cat-magyarorszag","7":"product_cat-szlovakia","8":"product_cat-ukrajna","9":"product_tag-2nd-auction-hu","10":"product_tag-kepeslap","11":"product_tag-marcophily-hu","12":"product_tag-postatortenet","14":"first","15":"outofstock","16":"sold-individually","17":"shipping-taxable","18":"product-type-simple"},"_links":{"self":[{"href":"https:\/\/stampcurio.com\/hu\/wp-json\/wp\/v2\/product\/20710","targetHints":{"allow":["GET"]}}],"collection":[{"href":"https:\/\/stampcurio.com\/hu\/wp-json\/wp\/v2\/product"}],"about":[{"href":"https:\/\/stampcurio.com\/hu\/wp-json\/wp\/v2\/types\/product"}],"wp:featuredmedia":[{"embeddable":true,"href":"https:\/\/stampcurio.com\/hu\/wp-json\/wp\/v2\/media\/20708"}],"wp:attachment":[{"href":"https:\/\/stampcurio.com\/hu\/wp-json\/wp\/v2\/media?parent=20710"}],"wp:term":[{"taxonomy":"product_brand","embeddable":true,"href":"https:\/\/stampcurio.com\/hu\/wp-json\/wp\/v2\/product_brand?post=20710"},{"taxonomy":"product_cat","embeddable":true,"href":"https:\/\/stampcurio.com\/hu\/wp-json\/wp\/v2\/product_cat?post=20710"},{"taxonomy":"product_tag","embeddable":true,"href":"https:\/\/stampcurio.com\/hu\/wp-json\/wp\/v2\/product_tag?post=20710"}],"curies":[{"name":"wp","href":"https:\/\/api.w.org\/{rel}","templated":true}]}}