{"id":20698,"date":"2024-12-06T22:13:54","date_gmt":"2024-12-06T21:13:54","guid":{"rendered":"https:\/\/stampcurio.com\/product\/sc-24-3846\/"},"modified":"2025-12-05T04:05:01","modified_gmt":"2025-12-05T03:05:01","slug":"1913-magyarorszag-a-hires-35f-50f-turul-tevnyomat-teljes-ivben-szep-minosegben-korabeli-papirtokkal-phu-500-eur","status":"publish","type":"product","link":"https:\/\/stampcurio.com\/hu\/termek\/1913-magyarorszag-a-hires-35f-50f-turul-tevnyomat-teljes-ivben-szep-minosegben-korabeli-papirtokkal-phu-500-eur\/","title":{"rendered":"1913 Magyarorsz\u00e1g &#8211; a h\u00edres 35f \/ 50f turul t\u00e9vnyomat teljes \u00edvben sz\u00e9p min\u0151s\u00e9gben korabeli pap\u00edrtokkal | PHu: 500 EUR"},"content":{"rendered":"","protected":false},"excerpt":{"rendered":"","protected":false},"featured_media":20696,"template":"","meta":[],"product_brand":[],"product_cat":[1172],"product_tag":[1664,116,176,217,1006],"class_list":{"0":"post-20698","1":"product","2":"type-product","3":"status-publish","4":"has-post-thumbnail","6":"product_cat-magyarorszag","7":"product_tag-2nd-auction-hu","8":"product_tag-belyeg","9":"product_tag-philagem","10":"product_tag-tevnyomat","11":"product_tag-unsold","13":"first","14":"outofstock","15":"sold-individually","16":"shipping-taxable","17":"product-type-simple"},"_links":{"self":[{"href":"https:\/\/stampcurio.com\/hu\/wp-json\/wp\/v2\/product\/20698","targetHints":{"allow":["GET"]}}],"collection":[{"href":"https:\/\/stampcurio.com\/hu\/wp-json\/wp\/v2\/product"}],"about":[{"href":"https:\/\/stampcurio.com\/hu\/wp-json\/wp\/v2\/types\/product"}],"wp:featuredmedia":[{"embeddable":true,"href":"https:\/\/stampcurio.com\/hu\/wp-json\/wp\/v2\/media\/20696"}],"wp:attachment":[{"href":"https:\/\/stampcurio.com\/hu\/wp-json\/wp\/v2\/media?parent=20698"}],"wp:term":[{"taxonomy":"product_brand","embeddable":true,"href":"https:\/\/stampcurio.com\/hu\/wp-json\/wp\/v2\/product_brand?post=20698"},{"taxonomy":"product_cat","embeddable":true,"href":"https:\/\/stampcurio.com\/hu\/wp-json\/wp\/v2\/product_cat?post=20698"},{"taxonomy":"product_tag","embeddable":true,"href":"https:\/\/stampcurio.com\/hu\/wp-json\/wp\/v2\/product_tag?post=20698"}],"curies":[{"name":"wp","href":"https:\/\/api.w.org\/{rel}","templated":true}]}}