{"id":20691,"date":"2024-12-06T22:13:31","date_gmt":"2024-12-06T21:13:31","guid":{"rendered":"https:\/\/stampcurio.com\/product\/sc-24-3843\/"},"modified":"2025-12-05T04:05:02","modified_gmt":"2025-12-05T03:05:02","slug":"1913-magyarorszag-kepeslap-tcv-nyomtatvanykent-kanadaba-kuldve-ritkabb-destinacio","status":"publish","type":"product","link":"https:\/\/stampcurio.com\/hu\/termek\/1913-magyarorszag-kepeslap-tcv-nyomtatvanykent-kanadaba-kuldve-ritkabb-destinacio\/","title":{"rendered":"1913 Magyarorsz\u00e1g &#8211; K\u00e9peslap TCV nyomtatv\u00e1nyk\u00e9nt Kanad\u00e1ba k\u00fcldve &#8211; ritk\u00e1bb destin\u00e1ci\u00f3"},"content":{"rendered":"","protected":false},"excerpt":{"rendered":"","protected":false},"featured_media":20689,"template":"","meta":[],"product_brand":[],"product_cat":[1233,1172],"product_tag":[1664,97,89,1299],"class_list":{"0":"post-20691","1":"product","2":"type-product","3":"status-publish","4":"has-post-thumbnail","6":"product_cat-kanada","7":"product_cat-magyarorszag","8":"product_tag-2nd-auction-hu","9":"product_tag-kepeslap","10":"product_tag-postatortenet","11":"product_tag-tcv","13":"first","14":"outofstock","15":"sold-individually","16":"shipping-taxable","17":"product-type-simple"},"_links":{"self":[{"href":"https:\/\/stampcurio.com\/hu\/wp-json\/wp\/v2\/product\/20691","targetHints":{"allow":["GET"]}}],"collection":[{"href":"https:\/\/stampcurio.com\/hu\/wp-json\/wp\/v2\/product"}],"about":[{"href":"https:\/\/stampcurio.com\/hu\/wp-json\/wp\/v2\/types\/product"}],"wp:featuredmedia":[{"embeddable":true,"href":"https:\/\/stampcurio.com\/hu\/wp-json\/wp\/v2\/media\/20689"}],"wp:attachment":[{"href":"https:\/\/stampcurio.com\/hu\/wp-json\/wp\/v2\/media?parent=20691"}],"wp:term":[{"taxonomy":"product_brand","embeddable":true,"href":"https:\/\/stampcurio.com\/hu\/wp-json\/wp\/v2\/product_brand?post=20691"},{"taxonomy":"product_cat","embeddable":true,"href":"https:\/\/stampcurio.com\/hu\/wp-json\/wp\/v2\/product_cat?post=20691"},{"taxonomy":"product_tag","embeddable":true,"href":"https:\/\/stampcurio.com\/hu\/wp-json\/wp\/v2\/product_tag?post=20691"}],"curies":[{"name":"wp","href":"https:\/\/api.w.org\/{rel}","templated":true}]}}