{"id":20673,"date":"2024-12-06T22:12:27","date_gmt":"2024-12-06T21:12:27","guid":{"rendered":"https:\/\/stampcurio.com\/product\/sc-24-3837\/"},"modified":"2025-12-05T04:05:02","modified_gmt":"2025-12-05T03:05:02","slug":"1875-magyarorszag-ajanlott-level-fabry-istvan-1810-1882-orszaggyulesi-kepviselonek-rimaszombatbol-budapestre-kuldve-majd-tovabbkuldve-marienbad-ba","status":"publish","type":"product","link":"https:\/\/stampcurio.com\/hu\/termek\/1875-magyarorszag-ajanlott-level-fabry-istvan-1810-1882-orszaggyulesi-kepviselonek-rimaszombatbol-budapestre-kuldve-majd-tovabbkuldve-marienbad-ba\/","title":{"rendered":"1875 Magyarorsz\u00e1g &#8211; Aj\u00e1nlott lev\u00e9l F\u00e1bry Istv\u00e1n (1810\u20131882) orsz\u00e1ggy\u0171l\u00e9si k\u00e9pvisel\u0151nek Rimaszombatb\u00f3l Budapestre k\u00fcldve, majd tov\u00e1bbk\u00fcldve Marienbad-ba"},"content":{"rendered":"","protected":false},"excerpt":{"rendered":"","protected":false},"featured_media":20671,"template":"","meta":[],"product_brand":[],"product_cat":[1178,1238,1172,1189],"product_tag":[1664,467,89,1006],"class_list":{"0":"post-20673","1":"product","2":"type-product","3":"status-publish","4":"has-post-thumbnail","6":"product_cat-ausztria","7":"product_cat-csehorszag","8":"product_cat-magyarorszag","9":"product_cat-szlovakia","10":"product_tag-2nd-auction-hu","11":"product_tag-orszaghaz","12":"product_tag-postatortenet","13":"product_tag-unsold","15":"first","16":"outofstock","17":"sold-individually","18":"shipping-taxable","19":"product-type-simple"},"_links":{"self":[{"href":"https:\/\/stampcurio.com\/hu\/wp-json\/wp\/v2\/product\/20673","targetHints":{"allow":["GET"]}}],"collection":[{"href":"https:\/\/stampcurio.com\/hu\/wp-json\/wp\/v2\/product"}],"about":[{"href":"https:\/\/stampcurio.com\/hu\/wp-json\/wp\/v2\/types\/product"}],"wp:featuredmedia":[{"embeddable":true,"href":"https:\/\/stampcurio.com\/hu\/wp-json\/wp\/v2\/media\/20671"}],"wp:attachment":[{"href":"https:\/\/stampcurio.com\/hu\/wp-json\/wp\/v2\/media?parent=20673"}],"wp:term":[{"taxonomy":"product_brand","embeddable":true,"href":"https:\/\/stampcurio.com\/hu\/wp-json\/wp\/v2\/product_brand?post=20673"},{"taxonomy":"product_cat","embeddable":true,"href":"https:\/\/stampcurio.com\/hu\/wp-json\/wp\/v2\/product_cat?post=20673"},{"taxonomy":"product_tag","embeddable":true,"href":"https:\/\/stampcurio.com\/hu\/wp-json\/wp\/v2\/product_tag?post=20673"}],"curies":[{"name":"wp","href":"https:\/\/api.w.org\/{rel}","templated":true}]}}