{"id":20668,"date":"2024-12-06T22:12:10","date_gmt":"2024-12-06T21:12:10","guid":{"rendered":"https:\/\/stampcurio.com\/product\/sc-24-3836\/"},"modified":"2025-12-05T04:05:03","modified_gmt":"2025-12-05T03:05:03","slug":"1851-ausztria-kek-merkur-teljes-ujsagon-temesvar-belyegzessel-gudlin-c0-56-700-pont","status":"publish","type":"product","link":"https:\/\/stampcurio.com\/hu\/termek\/1851-ausztria-kek-merkur-teljes-ujsagon-temesvar-belyegzessel-gudlin-c0-56-700-pont\/","title":{"rendered":"1851 Ausztria &#8211; k\u00e9k merk\u00far teljes \u00fajs\u00e1gon TEMESV\u00c1R b\u00e9lyegz\u00e9ssel \/ Gudlin C0.56 \/ 700 pont"},"content":{"rendered":"","protected":false},"excerpt":{"rendered":"","protected":false},"featured_media":20666,"template":"","meta":[],"product_brand":[],"product_cat":[1178,1172,1208,1245],"product_tag":[1664,1296,1041,89,1631],"class_list":{"0":"post-20668","1":"product","2":"type-product","3":"status-publish","4":"has-post-thumbnail","6":"product_cat-ausztria","7":"product_cat-magyarorszag","8":"product_cat-romania","9":"product_cat-szerbia","10":"product_tag-2nd-auction-hu","11":"product_tag-hirlapbelyeg","12":"product_tag-marcophily-hu","13":"product_tag-postatortenet","14":"product_tag-pre-upu","16":"first","17":"outofstock","18":"sold-individually","19":"shipping-taxable","20":"product-type-simple"},"_links":{"self":[{"href":"https:\/\/stampcurio.com\/hu\/wp-json\/wp\/v2\/product\/20668","targetHints":{"allow":["GET"]}}],"collection":[{"href":"https:\/\/stampcurio.com\/hu\/wp-json\/wp\/v2\/product"}],"about":[{"href":"https:\/\/stampcurio.com\/hu\/wp-json\/wp\/v2\/types\/product"}],"wp:featuredmedia":[{"embeddable":true,"href":"https:\/\/stampcurio.com\/hu\/wp-json\/wp\/v2\/media\/20666"}],"wp:attachment":[{"href":"https:\/\/stampcurio.com\/hu\/wp-json\/wp\/v2\/media?parent=20668"}],"wp:term":[{"taxonomy":"product_brand","embeddable":true,"href":"https:\/\/stampcurio.com\/hu\/wp-json\/wp\/v2\/product_brand?post=20668"},{"taxonomy":"product_cat","embeddable":true,"href":"https:\/\/stampcurio.com\/hu\/wp-json\/wp\/v2\/product_cat?post=20668"},{"taxonomy":"product_tag","embeddable":true,"href":"https:\/\/stampcurio.com\/hu\/wp-json\/wp\/v2\/product_tag?post=20668"}],"curies":[{"name":"wp","href":"https:\/\/api.w.org\/{rel}","templated":true}]}}