{"id":20658,"date":"2024-12-06T22:11:38","date_gmt":"2024-12-06T21:11:38","guid":{"rendered":"https:\/\/stampcurio.com\/product\/sc-24-3835\/"},"modified":"2025-12-05T04:05:03","modified_gmt":"2025-12-05T03:05:03","slug":"1903-magyarorszag-ajanlott-boritek-angliaba-tulfestekezett-25f-turul-parral","status":"publish","type":"product","link":"https:\/\/stampcurio.com\/hu\/termek\/1903-magyarorszag-ajanlott-boritek-angliaba-tulfestekezett-25f-turul-parral\/","title":{"rendered":"1903 Magyarorsz\u00e1g &#8211; Aj\u00e1nlott bor\u00edt\u00e9k Angli\u00e1ba &#8211; t\u00falfest\u00e9kezett 25f turul p\u00e1rral"},"content":{"rendered":"","protected":false},"excerpt":{"rendered":"","protected":false},"featured_media":20656,"template":"","meta":[],"product_brand":[],"product_cat":[1186,1172],"product_tag":[1664,116,89,217,1006],"class_list":{"0":"post-20658","1":"product","2":"type-product","3":"status-publish","4":"has-post-thumbnail","6":"product_cat-brit-birodalom","7":"product_cat-magyarorszag","8":"product_tag-2nd-auction-hu","9":"product_tag-belyeg","10":"product_tag-postatortenet","11":"product_tag-tevnyomat","12":"product_tag-unsold","14":"first","15":"outofstock","16":"sold-individually","17":"shipping-taxable","18":"product-type-simple"},"_links":{"self":[{"href":"https:\/\/stampcurio.com\/hu\/wp-json\/wp\/v2\/product\/20658","targetHints":{"allow":["GET"]}}],"collection":[{"href":"https:\/\/stampcurio.com\/hu\/wp-json\/wp\/v2\/product"}],"about":[{"href":"https:\/\/stampcurio.com\/hu\/wp-json\/wp\/v2\/types\/product"}],"wp:featuredmedia":[{"embeddable":true,"href":"https:\/\/stampcurio.com\/hu\/wp-json\/wp\/v2\/media\/20656"}],"wp:attachment":[{"href":"https:\/\/stampcurio.com\/hu\/wp-json\/wp\/v2\/media?parent=20658"}],"wp:term":[{"taxonomy":"product_brand","embeddable":true,"href":"https:\/\/stampcurio.com\/hu\/wp-json\/wp\/v2\/product_brand?post=20658"},{"taxonomy":"product_cat","embeddable":true,"href":"https:\/\/stampcurio.com\/hu\/wp-json\/wp\/v2\/product_cat?post=20658"},{"taxonomy":"product_tag","embeddable":true,"href":"https:\/\/stampcurio.com\/hu\/wp-json\/wp\/v2\/product_tag?post=20658"}],"curies":[{"name":"wp","href":"https:\/\/api.w.org\/{rel}","templated":true}]}}