{"id":20649,"date":"2024-12-06T22:11:05","date_gmt":"2024-12-06T21:11:05","guid":{"rendered":"https:\/\/stampcurio.com\/product\/sc-24-3834\/"},"modified":"2025-12-05T04:05:03","modified_gmt":"2025-12-05T03:05:03","slug":"1857-ausztria-szombathelyrol-budara-kuldott-level-tertivevenye-hatoldalan-a-6-krajcaros-belyeg-mindket-telepules-belyegzojevel-leutve","status":"publish","type":"product","link":"https:\/\/stampcurio.com\/hu\/termek\/1857-ausztria-szombathelyrol-budara-kuldott-level-tertivevenye-hatoldalan-a-6-krajcaros-belyeg-mindket-telepules-belyegzojevel-leutve\/","title":{"rendered":"1857 Ausztria &#8211; Szombathelyr\u0151l Bud\u00e1ra k\u00fcld\u00f6tt lev\u00e9l t\u00e9rtivev\u00e9nye h\u00e1toldal\u00e1n a 6 krajc\u00e1ros b\u00e9lyeg mindk\u00e9t telep\u00fcl\u00e9s b\u00e9lyegz\u0151j\u00e9vel le\u00fctve"},"content":{"rendered":"","protected":false},"excerpt":{"rendered":"","protected":false},"featured_media":20647,"template":"","meta":[],"product_brand":[],"product_cat":[1178,1172],"product_tag":[1664,89,1631,1337,1006],"class_list":{"0":"post-20649","1":"product","2":"type-product","3":"status-publish","4":"has-post-thumbnail","6":"product_cat-ausztria","7":"product_cat-magyarorszag","8":"product_tag-2nd-auction-hu","9":"product_tag-postatortenet","10":"product_tag-pre-upu","11":"product_tag-tertiveveny","12":"product_tag-unsold","14":"first","15":"outofstock","16":"sold-individually","17":"shipping-taxable","18":"product-type-simple"},"_links":{"self":[{"href":"https:\/\/stampcurio.com\/hu\/wp-json\/wp\/v2\/product\/20649","targetHints":{"allow":["GET"]}}],"collection":[{"href":"https:\/\/stampcurio.com\/hu\/wp-json\/wp\/v2\/product"}],"about":[{"href":"https:\/\/stampcurio.com\/hu\/wp-json\/wp\/v2\/types\/product"}],"wp:featuredmedia":[{"embeddable":true,"href":"https:\/\/stampcurio.com\/hu\/wp-json\/wp\/v2\/media\/20647"}],"wp:attachment":[{"href":"https:\/\/stampcurio.com\/hu\/wp-json\/wp\/v2\/media?parent=20649"}],"wp:term":[{"taxonomy":"product_brand","embeddable":true,"href":"https:\/\/stampcurio.com\/hu\/wp-json\/wp\/v2\/product_brand?post=20649"},{"taxonomy":"product_cat","embeddable":true,"href":"https:\/\/stampcurio.com\/hu\/wp-json\/wp\/v2\/product_cat?post=20649"},{"taxonomy":"product_tag","embeddable":true,"href":"https:\/\/stampcurio.com\/hu\/wp-json\/wp\/v2\/product_tag?post=20649"}],"curies":[{"name":"wp","href":"https:\/\/api.w.org\/{rel}","templated":true}]}}