{"id":20641,"date":"2024-12-06T22:10:40","date_gmt":"2024-12-06T21:10:40","guid":{"rendered":"https:\/\/stampcurio.com\/product\/sc-24-3828\/"},"modified":"2025-12-05T04:05:03","modified_gmt":"2025-12-05T03:05:03","slug":"1946-magyarorszag-junius-23-an-kulfoldre-romania-kuldott-levelezolap-ritka-kuldemeny-fajta","status":"publish","type":"product","link":"https:\/\/stampcurio.com\/hu\/termek\/1946-magyarorszag-junius-23-an-kulfoldre-romania-kuldott-levelezolap-ritka-kuldemeny-fajta\/","title":{"rendered":"1946 Magyarorsz\u00e1g &#8211; J\u00fanius 23.-\u00e1n k\u00fclf\u00f6ldre (Rom\u00e1nia) k\u00fcld\u00f6tt levelez\u0151lap &#8211; ritka k\u00fcldem\u00e9ny fajta"},"content":{"rendered":"","protected":false},"excerpt":{"rendered":"","protected":false},"featured_media":20639,"template":"","meta":[],"product_brand":[],"product_cat":[1172,1208],"product_tag":[1664,89],"class_list":{"0":"post-20641","1":"product","2":"type-product","3":"status-publish","4":"has-post-thumbnail","6":"product_cat-magyarorszag","7":"product_cat-romania","8":"product_tag-2nd-auction-hu","9":"product_tag-postatortenet","11":"first","12":"outofstock","13":"sold-individually","14":"shipping-taxable","15":"product-type-simple"},"_links":{"self":[{"href":"https:\/\/stampcurio.com\/hu\/wp-json\/wp\/v2\/product\/20641","targetHints":{"allow":["GET"]}}],"collection":[{"href":"https:\/\/stampcurio.com\/hu\/wp-json\/wp\/v2\/product"}],"about":[{"href":"https:\/\/stampcurio.com\/hu\/wp-json\/wp\/v2\/types\/product"}],"wp:featuredmedia":[{"embeddable":true,"href":"https:\/\/stampcurio.com\/hu\/wp-json\/wp\/v2\/media\/20639"}],"wp:attachment":[{"href":"https:\/\/stampcurio.com\/hu\/wp-json\/wp\/v2\/media?parent=20641"}],"wp:term":[{"taxonomy":"product_brand","embeddable":true,"href":"https:\/\/stampcurio.com\/hu\/wp-json\/wp\/v2\/product_brand?post=20641"},{"taxonomy":"product_cat","embeddable":true,"href":"https:\/\/stampcurio.com\/hu\/wp-json\/wp\/v2\/product_cat?post=20641"},{"taxonomy":"product_tag","embeddable":true,"href":"https:\/\/stampcurio.com\/hu\/wp-json\/wp\/v2\/product_tag?post=20641"}],"curies":[{"name":"wp","href":"https:\/\/api.w.org\/{rel}","templated":true}]}}