{"id":20636,"date":"2024-12-06T22:10:24","date_gmt":"2024-12-06T21:10:24","guid":{"rendered":"https:\/\/stampcurio.com\/product\/sc-24-3827\/"},"modified":"2025-12-05T04:05:04","modified_gmt":"2025-12-05T03:05:04","slug":"1945-magyarorszag-majus-8-an-1-dijszabas-a-budapesti-szuksegtarifa-szerint-portozott-kuldemeny-az-erdekes-portozas-oka-hogy-a-kuldemenyt-meg-aprilis-29-en-adtak-fel","status":"publish","type":"product","link":"https:\/\/stampcurio.com\/hu\/termek\/1945-magyarorszag-majus-8-an-1-dijszabas-a-budapesti-szuksegtarifa-szerint-portozott-kuldemeny-az-erdekes-portozas-oka-hogy-a-kuldemenyt-meg-aprilis-29-en-adtak-fel\/","title":{"rendered":"1945 Magyarorsz\u00e1g &#8211; M\u00e1jus 8.-\u00e1n (1. d\u00edjszab\u00e1s) a budapesti sz\u00fcks\u00e9gtarifa szerint port\u00f3z\u00f3tt k\u00fcldem\u00e9ny, az \u00e9rdekes port\u00f3z\u00e1s oka, hogy a k\u00fcldem\u00e9nyt m\u00e9g \u00e1prilis 29.-\u00e9n adt\u00e1k fel."},"content":{"rendered":"","protected":false},"excerpt":{"rendered":"","protected":false},"featured_media":20634,"template":"","meta":[],"product_brand":[],"product_cat":[1172],"product_tag":[279,1664,108,89,256],"class_list":{"0":"post-20636","1":"product","2":"type-product","3":"status-publish","4":"has-post-thumbnail","6":"product_cat-magyarorszag","7":"product_tag-1944-45","8":"product_tag-2nd-auction-hu","9":"product_tag-porto","10":"product_tag-postatortenet","11":"product_tag-provizorium","13":"first","14":"outofstock","15":"sold-individually","16":"shipping-taxable","17":"product-type-simple"},"_links":{"self":[{"href":"https:\/\/stampcurio.com\/hu\/wp-json\/wp\/v2\/product\/20636","targetHints":{"allow":["GET"]}}],"collection":[{"href":"https:\/\/stampcurio.com\/hu\/wp-json\/wp\/v2\/product"}],"about":[{"href":"https:\/\/stampcurio.com\/hu\/wp-json\/wp\/v2\/types\/product"}],"wp:featuredmedia":[{"embeddable":true,"href":"https:\/\/stampcurio.com\/hu\/wp-json\/wp\/v2\/media\/20634"}],"wp:attachment":[{"href":"https:\/\/stampcurio.com\/hu\/wp-json\/wp\/v2\/media?parent=20636"}],"wp:term":[{"taxonomy":"product_brand","embeddable":true,"href":"https:\/\/stampcurio.com\/hu\/wp-json\/wp\/v2\/product_brand?post=20636"},{"taxonomy":"product_cat","embeddable":true,"href":"https:\/\/stampcurio.com\/hu\/wp-json\/wp\/v2\/product_cat?post=20636"},{"taxonomy":"product_tag","embeddable":true,"href":"https:\/\/stampcurio.com\/hu\/wp-json\/wp\/v2\/product_tag?post=20636"}],"curies":[{"name":"wp","href":"https:\/\/api.w.org\/{rel}","templated":true}]}}