{"id":20628,"date":"2024-12-06T22:10:00","date_gmt":"2024-12-06T21:10:00","guid":{"rendered":"https:\/\/stampcurio.com\/product\/sc-24-3826\/"},"modified":"2025-12-05T04:05:04","modified_gmt":"2025-12-05T03:05:04","slug":"1881-afganisztan-boritek-egybelyeges-bermentesitessel-pruf-heddergott","status":"publish","type":"product","link":"https:\/\/stampcurio.com\/hu\/termek\/1881-afganisztan-boritek-egybelyeges-bermentesitessel-pruf-heddergott\/","title":{"rendered":"1881 Afganiszt\u00e1n &#8211; bor\u00edt\u00e9k  egyb\u00e9lyeges b\u00e9rmentes\u00edt\u00e9ssel &#8211; pr\u00fcf: Heddergott"},"content":{"rendered":"","protected":false},"excerpt":{"rendered":"","protected":false},"featured_media":20626,"template":"","meta":[],"product_brand":[],"product_cat":[1624],"product_tag":[1664,116,89],"class_list":{"0":"post-20628","1":"product","2":"type-product","3":"status-publish","4":"has-post-thumbnail","6":"product_cat-afganisztan","7":"product_tag-2nd-auction-hu","8":"product_tag-belyeg","9":"product_tag-postatortenet","11":"first","12":"outofstock","13":"sold-individually","14":"shipping-taxable","15":"product-type-simple"},"_links":{"self":[{"href":"https:\/\/stampcurio.com\/hu\/wp-json\/wp\/v2\/product\/20628","targetHints":{"allow":["GET"]}}],"collection":[{"href":"https:\/\/stampcurio.com\/hu\/wp-json\/wp\/v2\/product"}],"about":[{"href":"https:\/\/stampcurio.com\/hu\/wp-json\/wp\/v2\/types\/product"}],"wp:featuredmedia":[{"embeddable":true,"href":"https:\/\/stampcurio.com\/hu\/wp-json\/wp\/v2\/media\/20626"}],"wp:attachment":[{"href":"https:\/\/stampcurio.com\/hu\/wp-json\/wp\/v2\/media?parent=20628"}],"wp:term":[{"taxonomy":"product_brand","embeddable":true,"href":"https:\/\/stampcurio.com\/hu\/wp-json\/wp\/v2\/product_brand?post=20628"},{"taxonomy":"product_cat","embeddable":true,"href":"https:\/\/stampcurio.com\/hu\/wp-json\/wp\/v2\/product_cat?post=20628"},{"taxonomy":"product_tag","embeddable":true,"href":"https:\/\/stampcurio.com\/hu\/wp-json\/wp\/v2\/product_tag?post=20628"}],"curies":[{"name":"wp","href":"https:\/\/api.w.org\/{rel}","templated":true}]}}