{"id":20619,"date":"2024-12-06T22:09:29","date_gmt":"2024-12-06T21:09:29","guid":{"rendered":"https:\/\/stampcurio.com\/product\/sc-24-3821\/"},"modified":"2025-12-05T04:05:04","modified_gmt":"2025-12-05T03:05:04","slug":"1850-ausztria-elso-zonas-level-pestrol-esztergomba-kuldve-szepen-oxidalodott-1kr-harmascsikkal","status":"publish","type":"product","link":"https:\/\/stampcurio.com\/hu\/termek\/1850-ausztria-elso-zonas-level-pestrol-esztergomba-kuldve-szepen-oxidalodott-1kr-harmascsikkal\/","title":{"rendered":"1850 Ausztria &#8211; els\u0151 z\u00f3n\u00e1s lev\u00e9l Pestr\u0151l Esztergomba k\u00fcldve sz\u00e9pen oxid\u00e1l\u00f3dott 1kr h\u00e1rmascs\u00edkkal"},"content":{"rendered":"","protected":false},"excerpt":{"rendered":"","protected":false},"featured_media":20617,"template":"","meta":[],"product_brand":[],"product_cat":[1178,1172],"product_tag":[1664,116,1041,176,89,1631,217],"class_list":{"0":"post-20619","1":"product","2":"type-product","3":"status-publish","4":"has-post-thumbnail","6":"product_cat-ausztria","7":"product_cat-magyarorszag","8":"product_tag-2nd-auction-hu","9":"product_tag-belyeg","10":"product_tag-marcophily-hu","11":"product_tag-philagem","12":"product_tag-postatortenet","13":"product_tag-pre-upu","14":"product_tag-tevnyomat","16":"first","17":"outofstock","18":"sold-individually","19":"shipping-taxable","20":"product-type-simple"},"_links":{"self":[{"href":"https:\/\/stampcurio.com\/hu\/wp-json\/wp\/v2\/product\/20619","targetHints":{"allow":["GET"]}}],"collection":[{"href":"https:\/\/stampcurio.com\/hu\/wp-json\/wp\/v2\/product"}],"about":[{"href":"https:\/\/stampcurio.com\/hu\/wp-json\/wp\/v2\/types\/product"}],"wp:featuredmedia":[{"embeddable":true,"href":"https:\/\/stampcurio.com\/hu\/wp-json\/wp\/v2\/media\/20617"}],"wp:attachment":[{"href":"https:\/\/stampcurio.com\/hu\/wp-json\/wp\/v2\/media?parent=20619"}],"wp:term":[{"taxonomy":"product_brand","embeddable":true,"href":"https:\/\/stampcurio.com\/hu\/wp-json\/wp\/v2\/product_brand?post=20619"},{"taxonomy":"product_cat","embeddable":true,"href":"https:\/\/stampcurio.com\/hu\/wp-json\/wp\/v2\/product_cat?post=20619"},{"taxonomy":"product_tag","embeddable":true,"href":"https:\/\/stampcurio.com\/hu\/wp-json\/wp\/v2\/product_tag?post=20619"}],"curies":[{"name":"wp","href":"https:\/\/api.w.org\/{rel}","templated":true}]}}