{"id":20608,"date":"2024-12-06T22:08:51","date_gmt":"2024-12-06T21:08:51","guid":{"rendered":"https:\/\/stampcurio.com\/product\/sc-24-3820\/"},"modified":"2025-12-05T04:05:05","modified_gmt":"2025-12-05T03:05:05","slug":"1858-ausztria-fiumebol-kuldott-level-tertivevenye-10kr-postadijjal-es-barna-andraskereszttel-and-andraskereszten-kettos-fogazat-attest-puschmann","status":"publish","type":"product","link":"https:\/\/stampcurio.com\/hu\/termek\/1858-ausztria-fiumebol-kuldott-level-tertivevenye-10kr-postadijjal-es-barna-andraskereszttel-and-andraskereszten-kettos-fogazat-attest-puschmann\/","title":{"rendered":"1858 Ausztria &#8211; Fium\u00e9b\u00f3l k\u00fcld\u00f6tt lev\u00e9l t\u00e9rtivev\u00e9nye 10kr postad\u00edjjal \u00e9s barna andr\u00e1skereszttel and andr\u00e1skereszten kett\u0151s (!) fogazat &#8211; Attest: Puschmann"},"content":{"rendered":"","protected":false},"excerpt":{"rendered":"","protected":false},"featured_media":20606,"template":"","meta":[],"product_brand":[],"product_cat":[1178,1275,1192,1172],"product_tag":[1664,116,1041,176,89,1631,1337,217],"class_list":{"0":"post-20608","1":"product","2":"type-product","3":"status-publish","4":"has-post-thumbnail","6":"product_cat-ausztria","7":"product_cat-fiume","8":"product_cat-horvatorszag","9":"product_cat-magyarorszag","10":"product_tag-2nd-auction-hu","11":"product_tag-belyeg","12":"product_tag-marcophily-hu","13":"product_tag-philagem","14":"product_tag-postatortenet","15":"product_tag-pre-upu","16":"product_tag-tertiveveny","17":"product_tag-tevnyomat","19":"first","20":"outofstock","21":"sold-individually","22":"shipping-taxable","23":"product-type-simple"},"_links":{"self":[{"href":"https:\/\/stampcurio.com\/hu\/wp-json\/wp\/v2\/product\/20608","targetHints":{"allow":["GET"]}}],"collection":[{"href":"https:\/\/stampcurio.com\/hu\/wp-json\/wp\/v2\/product"}],"about":[{"href":"https:\/\/stampcurio.com\/hu\/wp-json\/wp\/v2\/types\/product"}],"wp:featuredmedia":[{"embeddable":true,"href":"https:\/\/stampcurio.com\/hu\/wp-json\/wp\/v2\/media\/20606"}],"wp:attachment":[{"href":"https:\/\/stampcurio.com\/hu\/wp-json\/wp\/v2\/media?parent=20608"}],"wp:term":[{"taxonomy":"product_brand","embeddable":true,"href":"https:\/\/stampcurio.com\/hu\/wp-json\/wp\/v2\/product_brand?post=20608"},{"taxonomy":"product_cat","embeddable":true,"href":"https:\/\/stampcurio.com\/hu\/wp-json\/wp\/v2\/product_cat?post=20608"},{"taxonomy":"product_tag","embeddable":true,"href":"https:\/\/stampcurio.com\/hu\/wp-json\/wp\/v2\/product_tag?post=20608"}],"curies":[{"name":"wp","href":"https:\/\/api.w.org\/{rel}","templated":true}]}}