{"id":20588,"date":"2024-12-06T22:07:37","date_gmt":"2024-12-06T21:07:37","guid":{"rendered":"https:\/\/stampcurio.com\/product\/sc-24-3818\/"},"modified":"2025-12-05T04:05:05","modified_gmt":"2025-12-05T03:05:05","slug":"1867-ausztria-a-barna-2-krajcaros-dijjegyes-lap-kulonfele-variansai-szep-belyegzesekkel","status":"publish","type":"product","link":"https:\/\/stampcurio.com\/hu\/termek\/1867-ausztria-a-barna-2-krajcaros-dijjegyes-lap-kulonfele-variansai-szep-belyegzesekkel\/","title":{"rendered":"1867 Ausztria a barna 2 krajc\u00e1ros d\u00edjjegyes lap k\u00fcl\u00f6nf\u00e9le vari\u00e1nsai sz\u00e9p b\u00e9lyegz\u00e9sekkel"},"content":{"rendered":"","protected":false},"excerpt":{"rendered":"","protected":false},"featured_media":20586,"template":"","meta":[],"product_brand":[],"product_cat":[1178,1238,1226],"product_tag":[1664,74,1041,89],"class_list":{"0":"post-20588","1":"product","2":"type-product","3":"status-publish","4":"has-post-thumbnail","6":"product_cat-ausztria","7":"product_cat-csehorszag","8":"product_cat-ukrajna","9":"product_tag-2nd-auction-hu","10":"product_tag-dijjegyes","11":"product_tag-marcophily-hu","12":"product_tag-postatortenet","14":"first","15":"outofstock","16":"sold-individually","17":"shipping-taxable","18":"product-type-simple"},"_links":{"self":[{"href":"https:\/\/stampcurio.com\/hu\/wp-json\/wp\/v2\/product\/20588","targetHints":{"allow":["GET"]}}],"collection":[{"href":"https:\/\/stampcurio.com\/hu\/wp-json\/wp\/v2\/product"}],"about":[{"href":"https:\/\/stampcurio.com\/hu\/wp-json\/wp\/v2\/types\/product"}],"wp:featuredmedia":[{"embeddable":true,"href":"https:\/\/stampcurio.com\/hu\/wp-json\/wp\/v2\/media\/20586"}],"wp:attachment":[{"href":"https:\/\/stampcurio.com\/hu\/wp-json\/wp\/v2\/media?parent=20588"}],"wp:term":[{"taxonomy":"product_brand","embeddable":true,"href":"https:\/\/stampcurio.com\/hu\/wp-json\/wp\/v2\/product_brand?post=20588"},{"taxonomy":"product_cat","embeddable":true,"href":"https:\/\/stampcurio.com\/hu\/wp-json\/wp\/v2\/product_cat?post=20588"},{"taxonomy":"product_tag","embeddable":true,"href":"https:\/\/stampcurio.com\/hu\/wp-json\/wp\/v2\/product_tag?post=20588"}],"curies":[{"name":"wp","href":"https:\/\/api.w.org\/{rel}","templated":true}]}}