{"id":2058,"date":"2023-11-10T17:25:11","date_gmt":"2023-11-10T16:25:11","guid":{"rendered":"http:\/\/stampcurio.com\/?post_type=product&#038;p=2058"},"modified":"2025-12-05T04:13:32","modified_gmt":"2025-12-05T03:13:32","slug":"1944-haromszor-cenzurazott-kemiai-cenzurazott-levelezesi-lap-josef-langraf-nevrokonanak-svedorszagba","status":"publish","type":"product","link":"https:\/\/stampcurio.com\/hu\/termek\/1944-haromszor-cenzurazott-kemiai-cenzurazott-levelezesi-lap-josef-langraf-nevrokonanak-svedorszagba\/","title":{"rendered":"1944 h\u00e1romszor cenz\u00far\u00e1zott + k\u00e9miai cenz\u00far\u00e1zott levelez\u00e9si lap Josef Langraf n\u00e9vrokon\u00e1nak Sv\u00e9dorsz\u00e1gba"},"content":{"rendered":"","protected":false},"excerpt":{"rendered":"<p>B\u00e1r Josef Langraf \u00e9pp b\u00f6rt\u00f6nben \u00fclt de a cenzorok az\u00e9rt r\u00e9sen voltak&#8230;.<br \/>\nhttps:\/\/de.wikipedia.org\/wiki\/Josef_Landgraf<\/p>\n","protected":false},"featured_media":2122,"template":"","meta":[],"product_brand":[],"product_cat":[73,113,136],"product_tag":[1044,233,115,89],"class_list":{"0":"post-2058","1":"product","2":"type-product","3":"status-publish","4":"has-post-thumbnail","6":"product_cat-magyarorszag-1st","7":"product_cat-nemetorszag-1st","8":"product_cat-svedorszag-1st","9":"product_tag-1st-auction-hu","10":"product_tag-cenzura","11":"product_tag-legiposta","12":"product_tag-postatortenet","13":"pa_catalog_id-238","15":"first","16":"instock","17":"sold-individually","18":"shipping-taxable","19":"product-type-simple"},"_links":{"self":[{"href":"https:\/\/stampcurio.com\/hu\/wp-json\/wp\/v2\/product\/2058","targetHints":{"allow":["GET"]}}],"collection":[{"href":"https:\/\/stampcurio.com\/hu\/wp-json\/wp\/v2\/product"}],"about":[{"href":"https:\/\/stampcurio.com\/hu\/wp-json\/wp\/v2\/types\/product"}],"wp:featuredmedia":[{"embeddable":true,"href":"https:\/\/stampcurio.com\/hu\/wp-json\/wp\/v2\/media\/2122"}],"wp:attachment":[{"href":"https:\/\/stampcurio.com\/hu\/wp-json\/wp\/v2\/media?parent=2058"}],"wp:term":[{"taxonomy":"product_brand","embeddable":true,"href":"https:\/\/stampcurio.com\/hu\/wp-json\/wp\/v2\/product_brand?post=2058"},{"taxonomy":"product_cat","embeddable":true,"href":"https:\/\/stampcurio.com\/hu\/wp-json\/wp\/v2\/product_cat?post=2058"},{"taxonomy":"product_tag","embeddable":true,"href":"https:\/\/stampcurio.com\/hu\/wp-json\/wp\/v2\/product_tag?post=2058"}],"curies":[{"name":"wp","href":"https:\/\/api.w.org\/{rel}","templated":true}]}}