{"id":20566,"date":"2024-12-06T22:06:23","date_gmt":"2024-12-06T21:06:23","guid":{"rendered":"https:\/\/stampcurio.com\/product\/sc-24-3791\/"},"modified":"2025-12-05T04:05:06","modified_gmt":"2025-12-05T03:05:06","slug":"1872-japan-belyegek-vegyes-minosegben-egy-magyarorszagi-gyujtemenybol-az-anyag-atnezetlen-ami-az-albumba-volt-az-kerult-felrakasra-hamisitvanyok-is-vannak-benne","status":"publish","type":"product","link":"https:\/\/stampcurio.com\/hu\/termek\/1872-japan-belyegek-vegyes-minosegben-egy-magyarorszagi-gyujtemenybol-az-anyag-atnezetlen-ami-az-albumba-volt-az-kerult-felrakasra-hamisitvanyok-is-vannak-benne\/","title":{"rendered":"1872+ Jap\u00e1n b\u00e9lyegek vegyes min\u0151s\u00e9gben egy magyarorsz\u00e1gi gy\u0171jtem\u00e9nyb\u0151l &#8211; Az anyag \u00e1tn\u00e9zetlen, ami az albumba volt az ker\u00fclt felrak\u00e1sra, hamisitv\u00e1nyok is vannak benne."},"content":{"rendered":"","protected":false},"excerpt":{"rendered":"","protected":false},"featured_media":20564,"template":"","meta":[],"product_brand":[],"product_cat":[1184],"product_tag":[1664,116,217],"class_list":{"0":"post-20566","1":"product","2":"type-product","3":"status-publish","4":"has-post-thumbnail","6":"product_cat-japan","7":"product_tag-2nd-auction-hu","8":"product_tag-belyeg","9":"product_tag-tevnyomat","11":"first","12":"outofstock","13":"sold-individually","14":"shipping-taxable","15":"product-type-simple"},"_links":{"self":[{"href":"https:\/\/stampcurio.com\/hu\/wp-json\/wp\/v2\/product\/20566","targetHints":{"allow":["GET"]}}],"collection":[{"href":"https:\/\/stampcurio.com\/hu\/wp-json\/wp\/v2\/product"}],"about":[{"href":"https:\/\/stampcurio.com\/hu\/wp-json\/wp\/v2\/types\/product"}],"wp:featuredmedia":[{"embeddable":true,"href":"https:\/\/stampcurio.com\/hu\/wp-json\/wp\/v2\/media\/20564"}],"wp:attachment":[{"href":"https:\/\/stampcurio.com\/hu\/wp-json\/wp\/v2\/media?parent=20566"}],"wp:term":[{"taxonomy":"product_brand","embeddable":true,"href":"https:\/\/stampcurio.com\/hu\/wp-json\/wp\/v2\/product_brand?post=20566"},{"taxonomy":"product_cat","embeddable":true,"href":"https:\/\/stampcurio.com\/hu\/wp-json\/wp\/v2\/product_cat?post=20566"},{"taxonomy":"product_tag","embeddable":true,"href":"https:\/\/stampcurio.com\/hu\/wp-json\/wp\/v2\/product_tag?post=20566"}],"curies":[{"name":"wp","href":"https:\/\/api.w.org\/{rel}","templated":true}]}}