{"id":20523,"date":"2024-12-06T22:03:45","date_gmt":"2024-12-06T21:03:45","guid":{"rendered":"https:\/\/stampcurio.com\/product\/sc-24-3691\/"},"modified":"2025-12-05T04:05:06","modified_gmt":"2025-12-05T03:05:06","slug":"1863-ausztria-hirlap-beylegek-jo-lebelyegzesekkel-waitzen-gudlin-30p-a-u-kubin-gudlin-100p-zeitungs-exped-pesth-gudlin-r","status":"publish","type":"product","link":"https:\/\/stampcurio.com\/hu\/termek\/1863-ausztria-hirlap-beylegek-jo-lebelyegzesekkel-waitzen-gudlin-30p-a-u-kubin-gudlin-100p-zeitungs-exped-pesth-gudlin-r\/","title":{"rendered":"1863 Ausztria &#8211; h\u00edrlap b\u00e9ylegek j\u00f3 leb\u00e9lyegz\u00e9sekkel WAITZEN \/ Gudlin 30p + A.U.KUBIN \/ Gudlin 100p + ZEITUNGS-EXPED. \/ PESTH \/ Gudlin R +"},"content":{"rendered":"","protected":false},"excerpt":{"rendered":"","protected":false},"featured_media":20521,"template":"","meta":[],"product_brand":[],"product_cat":[1178,1172,1189],"product_tag":[1664,116,1296,1041],"class_list":{"0":"post-20523","1":"product","2":"type-product","3":"status-publish","4":"has-post-thumbnail","6":"product_cat-ausztria","7":"product_cat-magyarorszag","8":"product_cat-szlovakia","9":"product_tag-2nd-auction-hu","10":"product_tag-belyeg","11":"product_tag-hirlapbelyeg","12":"product_tag-marcophily-hu","14":"first","15":"outofstock","16":"sold-individually","17":"shipping-taxable","18":"product-type-simple"},"_links":{"self":[{"href":"https:\/\/stampcurio.com\/hu\/wp-json\/wp\/v2\/product\/20523","targetHints":{"allow":["GET"]}}],"collection":[{"href":"https:\/\/stampcurio.com\/hu\/wp-json\/wp\/v2\/product"}],"about":[{"href":"https:\/\/stampcurio.com\/hu\/wp-json\/wp\/v2\/types\/product"}],"wp:featuredmedia":[{"embeddable":true,"href":"https:\/\/stampcurio.com\/hu\/wp-json\/wp\/v2\/media\/20521"}],"wp:attachment":[{"href":"https:\/\/stampcurio.com\/hu\/wp-json\/wp\/v2\/media?parent=20523"}],"wp:term":[{"taxonomy":"product_brand","embeddable":true,"href":"https:\/\/stampcurio.com\/hu\/wp-json\/wp\/v2\/product_brand?post=20523"},{"taxonomy":"product_cat","embeddable":true,"href":"https:\/\/stampcurio.com\/hu\/wp-json\/wp\/v2\/product_cat?post=20523"},{"taxonomy":"product_tag","embeddable":true,"href":"https:\/\/stampcurio.com\/hu\/wp-json\/wp\/v2\/product_tag?post=20523"}],"curies":[{"name":"wp","href":"https:\/\/api.w.org\/{rel}","templated":true}]}}