{"id":20518,"date":"2024-12-06T22:03:28","date_gmt":"2024-12-06T21:03:28","guid":{"rendered":"https:\/\/stampcurio.com\/product\/sc-24-3675\/"},"modified":"2025-12-05T04:05:06","modified_gmt":"2025-12-05T03:05:06","slug":"1956-eszak-korea-ket-jobb-postatiszta-belyeg-dolgozok-joga-nok-hozzajarulasa-az-utobbi-pecsetelve-is","status":"publish","type":"product","link":"https:\/\/stampcurio.com\/hu\/termek\/1956-eszak-korea-ket-jobb-postatiszta-belyeg-dolgozok-joga-nok-hozzajarulasa-az-utobbi-pecsetelve-is\/","title":{"rendered":"1956 \u00c9szak-Korea k\u00e9t jobb postatiszta b\u00e9lyeg \u2013 dolgoz\u00f3k joga + n\u0151k hozz\u00e1j\u00e1rul\u00e1sa az ut\u00f3bbi pecs\u00e9telve is"},"content":{"rendered":"","protected":false},"excerpt":{"rendered":"","protected":false},"featured_media":20516,"template":"","meta":[],"product_brand":[],"product_cat":[1225],"product_tag":[1664,116],"class_list":{"0":"post-20518","1":"product","2":"type-product","3":"status-publish","4":"has-post-thumbnail","6":"product_cat-eszak-korea","7":"product_tag-2nd-auction-hu","8":"product_tag-belyeg","10":"first","11":"outofstock","12":"sold-individually","13":"shipping-taxable","14":"product-type-simple"},"_links":{"self":[{"href":"https:\/\/stampcurio.com\/hu\/wp-json\/wp\/v2\/product\/20518","targetHints":{"allow":["GET"]}}],"collection":[{"href":"https:\/\/stampcurio.com\/hu\/wp-json\/wp\/v2\/product"}],"about":[{"href":"https:\/\/stampcurio.com\/hu\/wp-json\/wp\/v2\/types\/product"}],"wp:featuredmedia":[{"embeddable":true,"href":"https:\/\/stampcurio.com\/hu\/wp-json\/wp\/v2\/media\/20516"}],"wp:attachment":[{"href":"https:\/\/stampcurio.com\/hu\/wp-json\/wp\/v2\/media?parent=20518"}],"wp:term":[{"taxonomy":"product_brand","embeddable":true,"href":"https:\/\/stampcurio.com\/hu\/wp-json\/wp\/v2\/product_brand?post=20518"},{"taxonomy":"product_cat","embeddable":true,"href":"https:\/\/stampcurio.com\/hu\/wp-json\/wp\/v2\/product_cat?post=20518"},{"taxonomy":"product_tag","embeddable":true,"href":"https:\/\/stampcurio.com\/hu\/wp-json\/wp\/v2\/product_tag?post=20518"}],"curies":[{"name":"wp","href":"https:\/\/api.w.org\/{rel}","templated":true}]}}