{"id":20509,"date":"2024-12-06T22:02:56","date_gmt":"2024-12-06T21:02:56","guid":{"rendered":"https:\/\/stampcurio.com\/product\/sc-24-3667\/"},"modified":"2025-12-05T04:05:07","modified_gmt":"2025-12-05T03:05:07","slug":"1858-ausztria-zold-nagy-alaku-postatiszta-andraskereszt-reszleges-enyvezessel-ferchenbauer-210-eur","status":"publish","type":"product","link":"https:\/\/stampcurio.com\/hu\/termek\/1858-ausztria-zold-nagy-alaku-postatiszta-andraskereszt-reszleges-enyvezessel-ferchenbauer-210-eur\/","title":{"rendered":"1858 Ausztria &#8211; z\u00f6ld nagy alak\u00fa postatiszta andr\u00e1skereszt r\u00e9szleges enyvez\u00e9ssel (*) &#8211; Ferchenbauer: 210 EUR"},"content":{"rendered":"","protected":false},"excerpt":{"rendered":"","protected":false},"featured_media":20507,"template":"","meta":[],"product_brand":[],"product_cat":[1178,1172],"product_tag":[1664,116],"class_list":{"0":"post-20509","1":"product","2":"type-product","3":"status-publish","4":"has-post-thumbnail","6":"product_cat-ausztria","7":"product_cat-magyarorszag","8":"product_tag-2nd-auction-hu","9":"product_tag-belyeg","11":"first","12":"outofstock","13":"sold-individually","14":"shipping-taxable","15":"product-type-simple"},"_links":{"self":[{"href":"https:\/\/stampcurio.com\/hu\/wp-json\/wp\/v2\/product\/20509","targetHints":{"allow":["GET"]}}],"collection":[{"href":"https:\/\/stampcurio.com\/hu\/wp-json\/wp\/v2\/product"}],"about":[{"href":"https:\/\/stampcurio.com\/hu\/wp-json\/wp\/v2\/types\/product"}],"wp:featuredmedia":[{"embeddable":true,"href":"https:\/\/stampcurio.com\/hu\/wp-json\/wp\/v2\/media\/20507"}],"wp:attachment":[{"href":"https:\/\/stampcurio.com\/hu\/wp-json\/wp\/v2\/media?parent=20509"}],"wp:term":[{"taxonomy":"product_brand","embeddable":true,"href":"https:\/\/stampcurio.com\/hu\/wp-json\/wp\/v2\/product_brand?post=20509"},{"taxonomy":"product_cat","embeddable":true,"href":"https:\/\/stampcurio.com\/hu\/wp-json\/wp\/v2\/product_cat?post=20509"},{"taxonomy":"product_tag","embeddable":true,"href":"https:\/\/stampcurio.com\/hu\/wp-json\/wp\/v2\/product_tag?post=20509"}],"curies":[{"name":"wp","href":"https:\/\/api.w.org\/{rel}","templated":true}]}}