{"id":20502,"date":"2024-12-06T22:02:33","date_gmt":"2024-12-06T21:02:33","guid":{"rendered":"https:\/\/stampcurio.com\/product\/sc-24-3599\/"},"modified":"2025-12-05T04:05:07","modified_gmt":"2025-12-05T03:05:07","slug":"1962-eszak-korea-postatiszta-ellenallas-a-japan-megszallas-ellen-sor-benne-a-zold-belyeg-is","status":"publish","type":"product","link":"https:\/\/stampcurio.com\/hu\/termek\/1962-eszak-korea-postatiszta-ellenallas-a-japan-megszallas-ellen-sor-benne-a-zold-belyeg-is\/","title":{"rendered":"1962 \u00c9szak Korea &#8211; postatiszta &#8220;Ellen\u00e1ll\u00e1s a jap\u00e1n megsz\u00e1ll\u00e1s ellen&#8221; sor benne a z\u00f6ld b\u00e9lyeg is"},"content":{"rendered":"","protected":false},"excerpt":{"rendered":"","protected":false},"featured_media":20500,"template":"","meta":[],"product_brand":[],"product_cat":[1225],"product_tag":[1664,116],"class_list":{"0":"post-20502","1":"product","2":"type-product","3":"status-publish","4":"has-post-thumbnail","6":"product_cat-eszak-korea","7":"product_tag-2nd-auction-hu","8":"product_tag-belyeg","10":"first","11":"outofstock","12":"sold-individually","13":"shipping-taxable","14":"product-type-simple"},"_links":{"self":[{"href":"https:\/\/stampcurio.com\/hu\/wp-json\/wp\/v2\/product\/20502","targetHints":{"allow":["GET"]}}],"collection":[{"href":"https:\/\/stampcurio.com\/hu\/wp-json\/wp\/v2\/product"}],"about":[{"href":"https:\/\/stampcurio.com\/hu\/wp-json\/wp\/v2\/types\/product"}],"wp:featuredmedia":[{"embeddable":true,"href":"https:\/\/stampcurio.com\/hu\/wp-json\/wp\/v2\/media\/20500"}],"wp:attachment":[{"href":"https:\/\/stampcurio.com\/hu\/wp-json\/wp\/v2\/media?parent=20502"}],"wp:term":[{"taxonomy":"product_brand","embeddable":true,"href":"https:\/\/stampcurio.com\/hu\/wp-json\/wp\/v2\/product_brand?post=20502"},{"taxonomy":"product_cat","embeddable":true,"href":"https:\/\/stampcurio.com\/hu\/wp-json\/wp\/v2\/product_cat?post=20502"},{"taxonomy":"product_tag","embeddable":true,"href":"https:\/\/stampcurio.com\/hu\/wp-json\/wp\/v2\/product_tag?post=20502"}],"curies":[{"name":"wp","href":"https:\/\/api.w.org\/{rel}","templated":true}]}}