{"id":20438,"date":"2024-12-06T21:58:25","date_gmt":"2024-12-06T20:58:25","guid":{"rendered":"https:\/\/stampcurio.com\/product\/sc-24-3259\/"},"modified":"2025-12-05T04:05:08","modified_gmt":"2025-12-05T03:05:08","slug":"1861-olaszorszag-a-2-grana-ertek-fent-lemezhibaval","status":"publish","type":"product","link":"https:\/\/stampcurio.com\/hu\/termek\/1861-olaszorszag-a-2-grana-ertek-fent-lemezhibaval\/","title":{"rendered":"1861 Olaszorsz\u00e1g &#8211; a 2 Grana \u00e9rt\u00e9k fent lemezhib\u00e1val"},"content":{"rendered":"","protected":false},"excerpt":{"rendered":"","protected":false},"featured_media":20436,"template":"","meta":[],"product_brand":[],"product_cat":[1183],"product_tag":[1664,116,217],"class_list":{"0":"post-20438","1":"product","2":"type-product","3":"status-publish","4":"has-post-thumbnail","6":"product_cat-olaszorszag","7":"product_tag-2nd-auction-hu","8":"product_tag-belyeg","9":"product_tag-tevnyomat","11":"first","12":"outofstock","13":"sold-individually","14":"shipping-taxable","15":"product-type-simple"},"_links":{"self":[{"href":"https:\/\/stampcurio.com\/hu\/wp-json\/wp\/v2\/product\/20438","targetHints":{"allow":["GET"]}}],"collection":[{"href":"https:\/\/stampcurio.com\/hu\/wp-json\/wp\/v2\/product"}],"about":[{"href":"https:\/\/stampcurio.com\/hu\/wp-json\/wp\/v2\/types\/product"}],"wp:featuredmedia":[{"embeddable":true,"href":"https:\/\/stampcurio.com\/hu\/wp-json\/wp\/v2\/media\/20436"}],"wp:attachment":[{"href":"https:\/\/stampcurio.com\/hu\/wp-json\/wp\/v2\/media?parent=20438"}],"wp:term":[{"taxonomy":"product_brand","embeddable":true,"href":"https:\/\/stampcurio.com\/hu\/wp-json\/wp\/v2\/product_brand?post=20438"},{"taxonomy":"product_cat","embeddable":true,"href":"https:\/\/stampcurio.com\/hu\/wp-json\/wp\/v2\/product_cat?post=20438"},{"taxonomy":"product_tag","embeddable":true,"href":"https:\/\/stampcurio.com\/hu\/wp-json\/wp\/v2\/product_tag?post=20438"}],"curies":[{"name":"wp","href":"https:\/\/api.w.org\/{rel}","templated":true}]}}