{"id":20433,"date":"2024-12-06T21:58:09","date_gmt":"2024-12-06T20:58:09","guid":{"rendered":"https:\/\/stampcurio.com\/product\/sc-24-3256\/"},"modified":"2025-12-05T04:05:08","modified_gmt":"2025-12-05T03:05:08","slug":"1881-magyarorszag-krajcaros-ritka-lubohna-belyegzes-lipto-gudlin-e3-18-250-pont","status":"publish","type":"product","link":"https:\/\/stampcurio.com\/hu\/termek\/1881-magyarorszag-krajcaros-ritka-lubohna-belyegzes-lipto-gudlin-e3-18-250-pont\/","title":{"rendered":"1881 Magyarorsz\u00e1g &#8211; krajc\u00e1ros ritka LUBOHNA b\u00e9lyegz\u00e9s Lipt\u00f3 \/ Gudlin E3.18 \/ 250 pont"},"content":{"rendered":"","protected":false},"excerpt":{"rendered":"","protected":false},"featured_media":20431,"template":"","meta":[],"product_brand":[],"product_cat":[1172,1189],"product_tag":[1664,116,1041],"class_list":{"0":"post-20433","1":"product","2":"type-product","3":"status-publish","4":"has-post-thumbnail","6":"product_cat-magyarorszag","7":"product_cat-szlovakia","8":"product_tag-2nd-auction-hu","9":"product_tag-belyeg","10":"product_tag-marcophily-hu","12":"first","13":"outofstock","14":"sold-individually","15":"shipping-taxable","16":"product-type-simple"},"_links":{"self":[{"href":"https:\/\/stampcurio.com\/hu\/wp-json\/wp\/v2\/product\/20433","targetHints":{"allow":["GET"]}}],"collection":[{"href":"https:\/\/stampcurio.com\/hu\/wp-json\/wp\/v2\/product"}],"about":[{"href":"https:\/\/stampcurio.com\/hu\/wp-json\/wp\/v2\/types\/product"}],"wp:featuredmedia":[{"embeddable":true,"href":"https:\/\/stampcurio.com\/hu\/wp-json\/wp\/v2\/media\/20431"}],"wp:attachment":[{"href":"https:\/\/stampcurio.com\/hu\/wp-json\/wp\/v2\/media?parent=20433"}],"wp:term":[{"taxonomy":"product_brand","embeddable":true,"href":"https:\/\/stampcurio.com\/hu\/wp-json\/wp\/v2\/product_brand?post=20433"},{"taxonomy":"product_cat","embeddable":true,"href":"https:\/\/stampcurio.com\/hu\/wp-json\/wp\/v2\/product_cat?post=20433"},{"taxonomy":"product_tag","embeddable":true,"href":"https:\/\/stampcurio.com\/hu\/wp-json\/wp\/v2\/product_tag?post=20433"}],"curies":[{"name":"wp","href":"https:\/\/api.w.org\/{rel}","templated":true}]}}