{"id":20414,"date":"2024-12-06T21:56:56","date_gmt":"2024-12-06T20:56:56","guid":{"rendered":"https:\/\/stampcurio.com\/product\/sc-24-3255\/"},"modified":"2025-12-05T04:05:09","modified_gmt":"2025-12-05T03:05:09","slug":"1871-afganisztan-korai-belyegek-egy-oreg-magyarorszagi-gyujtemenybol","status":"publish","type":"product","link":"https:\/\/stampcurio.com\/hu\/termek\/1871-afganisztan-korai-belyegek-egy-oreg-magyarorszagi-gyujtemenybol\/","title":{"rendered":"1871+ Afganiszt\u00e1n &#8211; korai b\u00e9lyegek egy \u00f6reg magyarorsz\u00e1gi gy\u0171jtem\u00e9nyb\u0151l"},"content":{"rendered":"","protected":false},"excerpt":{"rendered":"<p>Nincs valamireval\u00f3 ismeret\u00fcnk az Afganiszt\u00e1ni kiad\u00e1sok ter\u00e9n, \u00edgy b\u0151vebb inform\u00e1ci\u00f3val sajnos nem tudunk szolg\u00e1lni, de ha k\u00e9rd\u00e9se van k\u00fcldje bizalommal, a legjobb tud\u00e1sunk szerint megv\u00e1laszoljuk.<\/p>\n","protected":false},"featured_media":20412,"template":"","meta":[],"product_brand":[],"product_cat":[1624],"product_tag":[1664,116],"class_list":{"0":"post-20414","1":"product","2":"type-product","3":"status-publish","4":"has-post-thumbnail","6":"product_cat-afganisztan","7":"product_tag-2nd-auction-hu","8":"product_tag-belyeg","10":"first","11":"outofstock","12":"sold-individually","13":"shipping-taxable","14":"product-type-simple"},"_links":{"self":[{"href":"https:\/\/stampcurio.com\/hu\/wp-json\/wp\/v2\/product\/20414","targetHints":{"allow":["GET"]}}],"collection":[{"href":"https:\/\/stampcurio.com\/hu\/wp-json\/wp\/v2\/product"}],"about":[{"href":"https:\/\/stampcurio.com\/hu\/wp-json\/wp\/v2\/types\/product"}],"wp:featuredmedia":[{"embeddable":true,"href":"https:\/\/stampcurio.com\/hu\/wp-json\/wp\/v2\/media\/20412"}],"wp:attachment":[{"href":"https:\/\/stampcurio.com\/hu\/wp-json\/wp\/v2\/media?parent=20414"}],"wp:term":[{"taxonomy":"product_brand","embeddable":true,"href":"https:\/\/stampcurio.com\/hu\/wp-json\/wp\/v2\/product_brand?post=20414"},{"taxonomy":"product_cat","embeddable":true,"href":"https:\/\/stampcurio.com\/hu\/wp-json\/wp\/v2\/product_cat?post=20414"},{"taxonomy":"product_tag","embeddable":true,"href":"https:\/\/stampcurio.com\/hu\/wp-json\/wp\/v2\/product_tag?post=20414"}],"curies":[{"name":"wp","href":"https:\/\/api.w.org\/{rel}","templated":true}]}}