{"id":20409,"date":"2024-12-06T21:56:39","date_gmt":"2024-12-06T20:56:39","guid":{"rendered":"https:\/\/stampcurio.com\/product\/sc-24-3253\/"},"modified":"2025-12-05T04:05:09","modified_gmt":"2025-12-05T03:05:09","slug":"1874-magyarorszag-krajcaros-ritka-bassahid-belyegzessel-torontal-gudlin-e2-2-tipus-500-pont","status":"publish","type":"product","link":"https:\/\/stampcurio.com\/hu\/termek\/1874-magyarorszag-krajcaros-ritka-bassahid-belyegzessel-torontal-gudlin-e2-2-tipus-500-pont\/","title":{"rendered":"1874 Magyarorsz\u00e1g &#8211; krajc\u00e1ros ritka BASSAHID b\u00e9lyegz\u00e9ssel Toront\u00e1l \/ Gudlin E2.2 t\u00edpus \/ 500 pont"},"content":{"rendered":"","protected":false},"excerpt":{"rendered":"","protected":false},"featured_media":20407,"template":"","meta":[],"product_brand":[],"product_cat":[1172,1245],"product_tag":[1664,116,1041,1006],"class_list":{"0":"post-20409","1":"product","2":"type-product","3":"status-publish","4":"has-post-thumbnail","6":"product_cat-magyarorszag","7":"product_cat-szerbia","8":"product_tag-2nd-auction-hu","9":"product_tag-belyeg","10":"product_tag-marcophily-hu","11":"product_tag-unsold","13":"first","14":"outofstock","15":"sold-individually","16":"shipping-taxable","17":"product-type-simple"},"_links":{"self":[{"href":"https:\/\/stampcurio.com\/hu\/wp-json\/wp\/v2\/product\/20409","targetHints":{"allow":["GET"]}}],"collection":[{"href":"https:\/\/stampcurio.com\/hu\/wp-json\/wp\/v2\/product"}],"about":[{"href":"https:\/\/stampcurio.com\/hu\/wp-json\/wp\/v2\/types\/product"}],"wp:featuredmedia":[{"embeddable":true,"href":"https:\/\/stampcurio.com\/hu\/wp-json\/wp\/v2\/media\/20407"}],"wp:attachment":[{"href":"https:\/\/stampcurio.com\/hu\/wp-json\/wp\/v2\/media?parent=20409"}],"wp:term":[{"taxonomy":"product_brand","embeddable":true,"href":"https:\/\/stampcurio.com\/hu\/wp-json\/wp\/v2\/product_brand?post=20409"},{"taxonomy":"product_cat","embeddable":true,"href":"https:\/\/stampcurio.com\/hu\/wp-json\/wp\/v2\/product_cat?post=20409"},{"taxonomy":"product_tag","embeddable":true,"href":"https:\/\/stampcurio.com\/hu\/wp-json\/wp\/v2\/product_tag?post=20409"}],"curies":[{"name":"wp","href":"https:\/\/api.w.org\/{rel}","templated":true}]}}