{"id":20392,"date":"2024-12-06T21:55:33","date_gmt":"2024-12-06T20:55:33","guid":{"rendered":"https:\/\/stampcurio.com\/product\/sc-24-3246\/"},"modified":"2025-12-05T04:05:09","modified_gmt":"2025-12-05T03:05:09","slug":"1900-turul-5-korona-hatostomb-b1-vizjel-allassal-ritkan-lathato-nagy-osszefugges-ritka-budapest-t-b-a-pantolt-belyegzovel-phu-belyeg-ar-240-eur","status":"publish","type":"product","link":"https:\/\/stampcurio.com\/hu\/termek\/1900-turul-5-korona-hatostomb-b1-vizjel-allassal-ritkan-lathato-nagy-osszefugges-ritka-budapest-t-b-a-pantolt-belyegzovel-phu-belyeg-ar-240-eur\/","title":{"rendered":"1900 turul 5 Korona hatost\u00f6mb B1 v\u00edzjel \u00e1ll\u00e1ssal &#8211; ritk\u00e1n l\u00e1that\u00f3 nagy \u00f6sszef\u00fcgg\u00e9s ritka BUDAPEST \/ T.B.a p\u00e1ntolt b\u00e9lyegz\u0151vel \/ Phu: b\u00e9lyeg \u00e1r 240 EUR"},"content":{"rendered":"","protected":false},"excerpt":{"rendered":"","protected":false},"featured_media":20390,"template":"","meta":[],"product_brand":[],"product_cat":[1172],"product_tag":[1664,116,1041,1006],"class_list":{"0":"post-20392","1":"product","2":"type-product","3":"status-publish","4":"has-post-thumbnail","6":"product_cat-magyarorszag","7":"product_tag-2nd-auction-hu","8":"product_tag-belyeg","9":"product_tag-marcophily-hu","10":"product_tag-unsold","12":"first","13":"outofstock","14":"sold-individually","15":"shipping-taxable","16":"product-type-simple"},"_links":{"self":[{"href":"https:\/\/stampcurio.com\/hu\/wp-json\/wp\/v2\/product\/20392","targetHints":{"allow":["GET"]}}],"collection":[{"href":"https:\/\/stampcurio.com\/hu\/wp-json\/wp\/v2\/product"}],"about":[{"href":"https:\/\/stampcurio.com\/hu\/wp-json\/wp\/v2\/types\/product"}],"wp:featuredmedia":[{"embeddable":true,"href":"https:\/\/stampcurio.com\/hu\/wp-json\/wp\/v2\/media\/20390"}],"wp:attachment":[{"href":"https:\/\/stampcurio.com\/hu\/wp-json\/wp\/v2\/media?parent=20392"}],"wp:term":[{"taxonomy":"product_brand","embeddable":true,"href":"https:\/\/stampcurio.com\/hu\/wp-json\/wp\/v2\/product_brand?post=20392"},{"taxonomy":"product_cat","embeddable":true,"href":"https:\/\/stampcurio.com\/hu\/wp-json\/wp\/v2\/product_cat?post=20392"},{"taxonomy":"product_tag","embeddable":true,"href":"https:\/\/stampcurio.com\/hu\/wp-json\/wp\/v2\/product_tag?post=20392"}],"curies":[{"name":"wp","href":"https:\/\/api.w.org\/{rel}","templated":true}]}}