{"id":20387,"date":"2024-12-06T21:55:16","date_gmt":"2024-12-06T20:55:16","guid":{"rendered":"https:\/\/stampcurio.com\/product\/sc-24-3245\/"},"modified":"2025-12-05T04:05:10","modified_gmt":"2025-12-05T03:05:10","slug":"1858-ausztria-sarga-kis-postatiszta-andraskereszt-halovany-szinben-ujjlenyomat-a-kepoldalon-ferchenbauer-1-800-eur","status":"publish","type":"product","link":"https:\/\/stampcurio.com\/hu\/termek\/1858-ausztria-sarga-kis-postatiszta-andraskereszt-halovany-szinben-ujjlenyomat-a-kepoldalon-ferchenbauer-1-800-eur\/","title":{"rendered":"1858 Ausztria &#8211; s\u00e1rga kis postatiszta * andr\u00e1skereszt &#8211; halov\u00e1ny sz\u00ednben &#8211; ujjlenyomat a k\u00e9poldalon | Ferchenbauer 1.800&#8211; EUR"},"content":{"rendered":"","protected":false},"excerpt":{"rendered":"","protected":false},"featured_media":20385,"template":"","meta":[],"product_brand":[],"product_cat":[1178,1172],"product_tag":[1664,116],"class_list":{"0":"post-20387","1":"product","2":"type-product","3":"status-publish","4":"has-post-thumbnail","6":"product_cat-ausztria","7":"product_cat-magyarorszag","8":"product_tag-2nd-auction-hu","9":"product_tag-belyeg","11":"first","12":"outofstock","13":"sold-individually","14":"shipping-taxable","15":"product-type-simple"},"_links":{"self":[{"href":"https:\/\/stampcurio.com\/hu\/wp-json\/wp\/v2\/product\/20387","targetHints":{"allow":["GET"]}}],"collection":[{"href":"https:\/\/stampcurio.com\/hu\/wp-json\/wp\/v2\/product"}],"about":[{"href":"https:\/\/stampcurio.com\/hu\/wp-json\/wp\/v2\/types\/product"}],"wp:featuredmedia":[{"embeddable":true,"href":"https:\/\/stampcurio.com\/hu\/wp-json\/wp\/v2\/media\/20385"}],"wp:attachment":[{"href":"https:\/\/stampcurio.com\/hu\/wp-json\/wp\/v2\/media?parent=20387"}],"wp:term":[{"taxonomy":"product_brand","embeddable":true,"href":"https:\/\/stampcurio.com\/hu\/wp-json\/wp\/v2\/product_brand?post=20387"},{"taxonomy":"product_cat","embeddable":true,"href":"https:\/\/stampcurio.com\/hu\/wp-json\/wp\/v2\/product_cat?post=20387"},{"taxonomy":"product_tag","embeddable":true,"href":"https:\/\/stampcurio.com\/hu\/wp-json\/wp\/v2\/product_tag?post=20387"}],"curies":[{"name":"wp","href":"https:\/\/api.w.org\/{rel}","templated":true}]}}