{"id":20368,"date":"2024-12-06T21:54:16","date_gmt":"2024-12-06T20:54:16","guid":{"rendered":"https:\/\/stampcurio.com\/product\/sc-24-3237\/"},"modified":"2025-12-05T04:05:11","modified_gmt":"2025-12-05T03:05:11","slug":"1904-magyarorszag-turul-2-korona-otoscsik-szallitolevel-kivagason-a2-vizjel-allassal-stk-perfin-katalogusar-720-eur","status":"publish","type":"product","link":"https:\/\/stampcurio.com\/hu\/termek\/1904-magyarorszag-turul-2-korona-otoscsik-szallitolevel-kivagason-a2-vizjel-allassal-stk-perfin-katalogusar-720-eur\/","title":{"rendered":"1904 Magyarorsz\u00e1g &#8211; turul 2 Korona \u00f6t\u00f6scs\u00edk (!) sz\u00e1ll\u00edt\u00f3lev\u00e9l kiv\u00e1g\u00e1son A2 v\u00edzjel \u00e1ll\u00e1ssal + StK. perfin Katal\u00f3gus\u00e1r: 720+ EUR"},"content":{"rendered":"","protected":false},"excerpt":{"rendered":"<p>PHu b\u00e9lyeg alap\u00e1r: 80 EUR + a Feketek\u00f6nyv az 5-s cs\u00edkra 9szeres \u00e1rat \u00edr: 720 EUR<\/p>\n","protected":false},"featured_media":20366,"template":"","meta":[],"product_brand":[],"product_cat":[1172],"product_tag":[1664,116,230,1006],"class_list":{"0":"post-20368","1":"product","2":"type-product","3":"status-publish","4":"has-post-thumbnail","6":"product_cat-magyarorszag","7":"product_tag-2nd-auction-hu","8":"product_tag-belyeg","9":"product_tag-perfin","10":"product_tag-unsold","12":"first","13":"outofstock","14":"sold-individually","15":"shipping-taxable","16":"product-type-simple"},"_links":{"self":[{"href":"https:\/\/stampcurio.com\/hu\/wp-json\/wp\/v2\/product\/20368","targetHints":{"allow":["GET"]}}],"collection":[{"href":"https:\/\/stampcurio.com\/hu\/wp-json\/wp\/v2\/product"}],"about":[{"href":"https:\/\/stampcurio.com\/hu\/wp-json\/wp\/v2\/types\/product"}],"wp:featuredmedia":[{"embeddable":true,"href":"https:\/\/stampcurio.com\/hu\/wp-json\/wp\/v2\/media\/20366"}],"wp:attachment":[{"href":"https:\/\/stampcurio.com\/hu\/wp-json\/wp\/v2\/media?parent=20368"}],"wp:term":[{"taxonomy":"product_brand","embeddable":true,"href":"https:\/\/stampcurio.com\/hu\/wp-json\/wp\/v2\/product_brand?post=20368"},{"taxonomy":"product_cat","embeddable":true,"href":"https:\/\/stampcurio.com\/hu\/wp-json\/wp\/v2\/product_cat?post=20368"},{"taxonomy":"product_tag","embeddable":true,"href":"https:\/\/stampcurio.com\/hu\/wp-json\/wp\/v2\/product_tag?post=20368"}],"curies":[{"name":"wp","href":"https:\/\/api.w.org\/{rel}","templated":true}]}}