{"id":20361,"date":"2024-12-06T21:53:53","date_gmt":"2024-12-06T20:53:53","guid":{"rendered":"https:\/\/stampcurio.com\/product\/sc-24-3232\/"},"modified":"2025-12-05T04:05:11","modified_gmt":"2025-12-05T03:05:11","slug":"1926-magyarorszag-posta-karara-elkovetett-hamisitas-hamis-16-filleres-belyeg-p-m-k-b-ceglyukasztassal-egy-perfin-es-belyeg-ritkasag","status":"publish","type":"product","link":"https:\/\/stampcurio.com\/hu\/termek\/1926-magyarorszag-posta-karara-elkovetett-hamisitas-hamis-16-filleres-belyeg-p-m-k-b-ceglyukasztassal-egy-perfin-es-belyeg-ritkasag\/","title":{"rendered":"1926 Magyarorsz\u00e1g &#8211; posta k\u00e1r\u00e1ra elk\u00f6vetett hamis\u00edt\u00e1s &#8211; hamis 16 fill\u00e9res b\u00e9lyeg P.M.K.B. c\u00e9glyukaszt\u00e1ssal &#8211; egy perfin \u00e9s b\u00e9lyeg ritkas\u00e1g"},"content":{"rendered":"","protected":false},"excerpt":{"rendered":"","protected":false},"featured_media":20359,"template":"","meta":[],"product_brand":[],"product_cat":[1172],"product_tag":[1664,116,230,217],"class_list":{"0":"post-20361","1":"product","2":"type-product","3":"status-publish","4":"has-post-thumbnail","6":"product_cat-magyarorszag","7":"product_tag-2nd-auction-hu","8":"product_tag-belyeg","9":"product_tag-perfin","10":"product_tag-tevnyomat","12":"first","13":"outofstock","14":"sold-individually","15":"shipping-taxable","16":"product-type-simple"},"_links":{"self":[{"href":"https:\/\/stampcurio.com\/hu\/wp-json\/wp\/v2\/product\/20361","targetHints":{"allow":["GET"]}}],"collection":[{"href":"https:\/\/stampcurio.com\/hu\/wp-json\/wp\/v2\/product"}],"about":[{"href":"https:\/\/stampcurio.com\/hu\/wp-json\/wp\/v2\/types\/product"}],"wp:featuredmedia":[{"embeddable":true,"href":"https:\/\/stampcurio.com\/hu\/wp-json\/wp\/v2\/media\/20359"}],"wp:attachment":[{"href":"https:\/\/stampcurio.com\/hu\/wp-json\/wp\/v2\/media?parent=20361"}],"wp:term":[{"taxonomy":"product_brand","embeddable":true,"href":"https:\/\/stampcurio.com\/hu\/wp-json\/wp\/v2\/product_brand?post=20361"},{"taxonomy":"product_cat","embeddable":true,"href":"https:\/\/stampcurio.com\/hu\/wp-json\/wp\/v2\/product_cat?post=20361"},{"taxonomy":"product_tag","embeddable":true,"href":"https:\/\/stampcurio.com\/hu\/wp-json\/wp\/v2\/product_tag?post=20361"}],"curies":[{"name":"wp","href":"https:\/\/api.w.org\/{rel}","templated":true}]}}